{"id":10,"date":"2017-01-26T20:50:52","date_gmt":"2017-01-26T19:50:52","guid":{"rendered":"http:\/\/alpina.ba\/?page_id=10"},"modified":"2017-01-27T19:05:31","modified_gmt":"2017-01-27T18:05:31","slug":"temeljni-premazi","status":"publish","type":"page","link":"https:\/\/alpina.ba\/?page_id=10","title":{"rendered":"Temeljni premazi"},"content":{"rendered":"<div id=\"attachment_44\" style=\"width: 298px\" class=\"wp-caption alignright\"><img loading=\"lazy\" decoding=\"async\" aria-describedby=\"caption-attachment-44\" data-attachment-id=\"44\" data-permalink=\"https:\/\/alpina.ba\/?attachment_id=44\" data-orig-file=\"https:\/\/i0.wp.com\/alpina.ba\/wp-content\/uploads\/2017\/01\/Alpina-Expert-Unigrund.jpg?fit=288%2C204&amp;ssl=1\" data-orig-size=\"288,204\" data-comments-opened=\"1\" data-image-meta=\"{&quot;aperture&quot;:&quot;0&quot;,&quot;credit&quot;:&quot;&quot;,&quot;camera&quot;:&quot;&quot;,&quot;caption&quot;:&quot;&quot;,&quot;created_timestamp&quot;:&quot;0&quot;,&quot;copyright&quot;:&quot;&quot;,&quot;focal_length&quot;:&quot;0&quot;,&quot;iso&quot;:&quot;0&quot;,&quot;shutter_speed&quot;:&quot;0&quot;,&quot;title&quot;:&quot;&quot;,&quot;orientation&quot;:&quot;0&quot;}\" data-image-title=\"Alpina-Expert-Unigrund\" data-image-description=\"\" data-image-caption=\"\" data-medium-file=\"https:\/\/i0.wp.com\/alpina.ba\/wp-content\/uploads\/2017\/01\/Alpina-Expert-Unigrund.jpg?fit=288%2C204&amp;ssl=1\" data-large-file=\"https:\/\/i0.wp.com\/alpina.ba\/wp-content\/uploads\/2017\/01\/Alpina-Expert-Unigrund.jpg?fit=288%2C204&amp;ssl=1\" class=\"wp-image-44 size-full\" src=\"https:\/\/i0.wp.com\/alpina.ba\/wp-content\/uploads\/2017\/01\/Alpina-Expert-Unigrund.jpg?resize=288%2C204\" alt=\"Alpina Expert Unigrund\" width=\"288\" height=\"204\" data-recalc-dims=\"1\" \/><p id=\"caption-attachment-44\" class=\"wp-caption-text\">Alpina Expert Unigrund<\/p><\/div>\n<p><strong>Alpina Expert Unigrund<\/strong><\/p>\n<p>Sredstvo za grundiranje, bez otapala, namijenjeno za izjedna\u010davanje upojnosti podloge. Posebno je pogodan za sve unutarnje i vanjske upojne, osipaju\u0107e i kredaste podloge kao \u0161to su zid, \u017ebuke, beton, Ytong, gips-kartonske plo\u010de. Pripremljen za upotrebu, bez otapala.<\/p>\n<p><strong>Pakiranje:<\/strong> 5 l, 10 l<br \/>\n<strong>Potro\u0161nja:<\/strong> ca. 150\u2013250 g\/m\u00b2<\/p>\n<p><a href=\"http:\/\/alpina.ba\/wp-content\/uploads\/2017\/01\/Alpina-Expert-Unigrund-TI.pdf\">Alpina Expert Unigrund TI<\/a><\/p>\n<hr \/>\n<div id=\"attachment_43\" style=\"width: 298px\" class=\"wp-caption alignright\"><img loading=\"lazy\" decoding=\"async\" aria-describedby=\"caption-attachment-43\" data-attachment-id=\"43\" data-permalink=\"https:\/\/alpina.ba\/?attachment_id=43\" data-orig-file=\"https:\/\/i0.wp.com\/alpina.ba\/wp-content\/uploads\/2017\/01\/Alpina-Expert-Putzgrund.jpg?fit=288%2C170&amp;ssl=1\" data-orig-size=\"288,170\" data-comments-opened=\"1\" data-image-meta=\"{&quot;aperture&quot;:&quot;0&quot;,&quot;credit&quot;:&quot;&quot;,&quot;camera&quot;:&quot;&quot;,&quot;caption&quot;:&quot;&quot;,&quot;created_timestamp&quot;:&quot;0&quot;,&quot;copyright&quot;:&quot;&quot;,&quot;focal_length&quot;:&quot;0&quot;,&quot;iso&quot;:&quot;0&quot;,&quot;shutter_speed&quot;:&quot;0&quot;,&quot;title&quot;:&quot;&quot;,&quot;orientation&quot;:&quot;0&quot;}\" data-image-title=\"Alpina-Expert-Putzgrund\" data-image-description=\"\" data-image-caption=\"\" data-medium-file=\"https:\/\/i0.wp.com\/alpina.ba\/wp-content\/uploads\/2017\/01\/Alpina-Expert-Putzgrund.jpg?fit=288%2C170&amp;ssl=1\" data-large-file=\"https:\/\/i0.wp.com\/alpina.ba\/wp-content\/uploads\/2017\/01\/Alpina-Expert-Putzgrund.jpg?fit=288%2C170&amp;ssl=1\" class=\"wp-image-43 size-full\" src=\"https:\/\/i0.wp.com\/alpina.ba\/wp-content\/uploads\/2017\/01\/Alpina-Expert-Putzgrund.jpg?resize=288%2C170\" alt=\"Alpina Expert Putzgrund\" width=\"288\" height=\"170\" data-recalc-dims=\"1\" \/><p id=\"caption-attachment-43\" class=\"wp-caption-text\">Alpina Expert Putzgrund<\/p><\/div>\n<p><strong>Alpina Expert Putzgrund<\/strong><\/p>\n<p>Pigmentirani temeljni premaz i sredstvo za grundiranje koji se razrje\u0111uje vodom, za sve Alpina Expert strukturne \u017ebuke.<\/p>\n<p><strong>Pakiranje<\/strong>: 10 l<br \/>\n<strong>Potro\u0161nja:<\/strong> ca. 200 g\/m\u00b2<\/p>\n<p><a href=\"http:\/\/alpina.ba\/wp-content\/uploads\/2017\/01\/Alpina-Expert-Putzgrund-TI.pdf\">Alpina Expert Putzgrund TI<\/a><\/p>\n<hr \/>\n<p>&nbsp;<\/p>\n","protected":false},"excerpt":{"rendered":"<p>Alpina Expert Unigrund Sredstvo za grundiranje, bez otapala, namijenjeno za izjedna\u010davanje upojnosti podloge. Posebno je pogodan za sve unutarnje i vanjske upojne, osipaju\u0107e i kredaste podloge kao \u0161to su zid, \u017ebuke, beton, Ytong, gips-kartonske plo\u010de. Pripremljen za upotrebu, bez otapala. &hellip; <a href=\"https:\/\/alpina.ba\/?page_id=10\">Nastavi \u010ditati <span class=\"meta-nav\">&rarr;<\/span><\/a><\/p>\n","protected":false},"author":1,"featured_media":0,"parent":0,"menu_order":0,"comment_status":"closed","ping_status":"closed","template":"","meta":{"jetpack_post_was_ever_published":false,"footnotes":""},"class_list":["post-10","page","type-page","status-publish","hentry"],"jetpack_sharing_enabled":true,"jetpack_shortlink":"https:\/\/wp.me\/P8kWeJ-a","jetpack-related-posts":[{"id":12,"url":"https:\/\/alpina.ba\/?page_id=12","url_meta":{"origin":10,"position":0},"title":"Unutarnje boje","date":"26\/01\/2017","format":false,"excerpt":"Alpinawei\u00df Das Original Alpinawei\u00df Das Original Najprodavanija Europska unutarnja boja! Unutarnja disperzivna boja vrhunske pokrivnosti, najvi\u0161e klase. Namijenjena za premazivanje zidova, izvanredno prikladna za nove unutarnje premaze kao i premaze kod renoviranja unutarnjih prostora. Pakiranje:Potro\u0161nja: 1 l dostatna za ca. 7,5 m\u00b2 Alpinaweiss Das Original TI Alpina Malerweiss Alpina Malerweiss\u2026","rel":"","context":"Similar post","img":{"alt_text":"","src":"https:\/\/i0.wp.com\/alpina.ba\/wp-content\/uploads\/2019\/02\/Alpinaweiss_Das_Original_10L.jpg?resize=350%2C200&ssl=1","width":350,"height":200},"classes":[]},{"id":13,"url":"https:\/\/alpina.ba\/?page_id=13","url_meta":{"origin":10,"position":1},"title":"Fasadne boje","date":"26\/01\/2017","format":false,"excerpt":"Alpina Expert Fassadenfarbe Fasadna boja posebno pogodna za nove, nepremazane \u017ebuke kao i prilikom renoviranja na starim premazima koji dobro ve\u017eu te \u010dvrstim, nosivim podlogama. Oja\u010danje siloksanom pru\u017ea optimalnu za\u0161titu od vlage odnosno omogu\u0107ava visoku paropropusnost i dovoljnu propusnost CO2. Pakiranje: Bijela 5 l i 15 l, ColorExpress 4,5 l\u2026","rel":"","context":"Similar post","img":{"alt_text":"","src":"","width":0,"height":0},"classes":[]},{"id":38,"url":"https:\/\/alpina.ba\/","url_meta":{"origin":10,"position":2},"title":"Alpina Expert \u2013 100 years of experience","date":"26\/01\/2017","format":false,"excerpt":"Alpina \u2013 najpoznatija \u2018Sam svoj majstor\u2019 boja u Europi Alpina je ve\u0107 desetlje\u0107ima najpoznatija i najprodavanija boja u Njema\u010dkoj, ali dobro prepoznata i u segmentu \u2018Sam svoj majstor\u2019 \u0161irom Europe, zahvaljuju\u0107i svom segmentu boja, lakova i lazura. U ponudi se uz boje, lakove i lazure nalazi i linija proizvoda Alpina\u2026","rel":"","context":"Similar post","img":{"alt_text":"","src":"","width":0,"height":0},"classes":[]},{"id":143,"url":"https:\/\/alpina.ba\/?page_id=143","url_meta":{"origin":10,"position":3},"title":"O nama","date":"04\/02\/2017","format":false,"excerpt":"Alpina \u2013 najpoznatija \u2018Sam svoj majstor\u2019 boja u Europi Alpina je ve\u0107 desetlje\u0107ima najpoznatija i najprodavanija boja u Njema\u010dkoj, ali dobro prepoznata i u segmentu \u2018Sam svoj majstor\u2019 \u0161irom Europe, zahvaljuju\u0107i svom segmentu boja, lakova i lazura. U ponudi se uz boje, lakove i lazure nalazi i linija proizvoda Alpina\u2026","rel":"","context":"Similar post","img":{"alt_text":"","src":"","width":0,"height":0},"classes":[]},{"id":17,"url":"https:\/\/alpina.ba\/?page_id=17","url_meta":{"origin":10,"position":4},"title":"Lazure","date":"26\/01\/2017","format":false,"excerpt":"Alpina Expressgrund Transparentni temeljni premaz na vodenoj bazi za drvo u vanjskom prostoru. Osigurava ravnomjernu upojnost podloge te je \u010dini boljom za naredne premaze u vanjskom podru\u010dju. Za balkone, oplate pro\u010delja, ograde, pergole, nadstre\u0161nice za automobile, ljepila za drvene spojeve i drvene ku\u0107e. Pakiranje: 0,75 l, 2,5 l Potro\u0161nja: 1\u2026","rel":"","context":"Similar post","img":{"alt_text":"","src":"","width":0,"height":0},"classes":[]},{"id":14,"url":"https:\/\/alpina.ba\/?page_id=14","url_meta":{"origin":10,"position":5},"title":"Ljepila, armirne i glet mase","date":"26\/01\/2017","format":false,"excerpt":"Alpina Expert Baukleber Baukleber je mineralni cementno-vapneni suhi mort na bazi modificirane umjetne smole univerzalne primjene, kao i za lijepljenje EPS-fasadnih izolacijskih plo\u010da i kamene vune. Pakiranje: 25 kgPotro\u0161nja: lijepljenje: ca. 3-5 kg\/m\u00b2 Alpina Expert Baukleber TI \u00a0 Alpina Expert Klebespachtel Ljepilo i masa za gletanje za povezane sustave za\u2026","rel":"","context":"Similar post","img":{"alt_text":"","src":"","width":0,"height":0},"classes":[]}],"_links":{"self":[{"href":"https:\/\/alpina.ba\/index.php?rest_route=\/wp\/v2\/pages\/10","targetHints":{"allow":["GET"]}}],"collection":[{"href":"https:\/\/alpina.ba\/index.php?rest_route=\/wp\/v2\/pages"}],"about":[{"href":"https:\/\/alpina.ba\/index.php?rest_route=\/wp\/v2\/types\/page"}],"author":[{"embeddable":true,"href":"https:\/\/alpina.ba\/index.php?rest_route=\/wp\/v2\/users\/1"}],"replies":[{"embeddable":true,"href":"https:\/\/alpina.ba\/index.php?rest_route=%2Fwp%2Fv2%2Fcomments&post=10"}],"version-history":[{"count":5,"href":"https:\/\/alpina.ba\/index.php?rest_route=\/wp\/v2\/pages\/10\/revisions"}],"predecessor-version":[{"id":73,"href":"https:\/\/alpina.ba\/index.php?rest_route=\/wp\/v2\/pages\/10\/revisions\/73"}],"wp:attachment":[{"href":"https:\/\/alpina.ba\/index.php?rest_route=%2Fwp%2Fv2%2Fmedia&parent=10"}],"curies":[{"name":"wp","href":"https:\/\/api.w.org\/{rel}","templated":true}]}}