{"id":139,"date":"2017-02-04T16:17:05","date_gmt":"2017-02-04T15:17:05","guid":{"rendered":"http:\/\/alpina.ba\/?page_id=139"},"modified":"2017-02-14T21:52:15","modified_gmt":"2017-02-14T20:52:15","slug":"impressum","status":"publish","type":"page","link":"https:\/\/alpina.ba\/?page_id=139","title":{"rendered":"Impressum"},"content":{"rendered":"<h1 class=\"entry-title\">Impresum<\/h1>\n<div class=\"entry-content\">\n<p><strong>Uslovi prodaje<\/strong><br \/>\nCaparol \u0107e isporu\u010divati ispravne proizvode, nepromijenjene kvalitete, garantiranog porijekla, \u010dije su osobine opisane u slu\u017ebenim dokumentima i\/ili koje su navedene na pakiranju. Caparol zadr\u017eava pravo proizvode u svakom trenutku tehni\u010dki izmijeniti, promijeniti pakiranja, kao i uvjete prodaje i isporuke. Svi proizvodi podlije\u017eu nadzoru kontrole kvalitete u vlastitim laboratorijima kao i ovla\u0161tenim institutima EU i uskla\u0111eni su s va\u017ee\u0107om regulativom BIH i va\u017ee\u0107im europskim standardima.<br \/>\nRoba se naru\u010duje isklju\u010divo putem pismene narud\u017ebe.<br \/>\nUkoliko isporuka ne bude mogu\u0107a iz bilo kojeg razloga, Caparol \u0107e pravovremeno obavijestiti kupca o istome.<br \/>\nNaru\u010dena roba iz standardnog programa isporu\u010duje se u roku od 2-5 radnih dana nakon zaprimanja narud\u017ebe. Obojeni proizvodi isporu\u010duju se u roku od 3 \u2013 do 10 dana od dana narud\u017ebe, osim kada je ugovoren druga\u010diji rok isporuke.<br \/>\nKupac nije u mogu\u0107nosti izvr\u0161iti povrat naru\u010dene i zaprimljene robe. Obojene proizvode koje je kupac naru\u010dio\/ u koli\u010dini i tonu \/ nije mogu\u0107e vratiti. Ukoliko kupac odustane od narud\u017ebe za obojene materijale nakon \u0161to je izdan nalog za njihovu doradu, isti \u0107e mu se fakturirati kao da ih je i preuzeo.<\/p>\n<p><strong>Tehni\u010dke informacije<\/strong><br \/>\nZa sve informacije kao i tehni\u010dke savjete po pitanju primjene i ugradnje proizvoda stojimo Vam na raspolaganju.<br \/>\nNe odgovaramo za eventualne \u0161tete nastale uslijed nepo\u0161tivanja navedenih uputstava.<br \/>\nUtro\u0161ci materijala dati su u tehni\u010dkim informacijama na temelju iskustava i prosje\u010dnih vrijednosti.<br \/>\nStvarni utro\u0161ci ovise o tehnici rada, podlozi i Caparol nije odgovoran za eventualna odstupanja.<br \/>\nKod obojenih proizvoda mogu\u0107a su odstupanja u nijansi od nijanse koja se nalazi na ton karti zbog tehnolo\u0161kih ograni\u010denja u printanoj reprodukciji.<br \/>\nIzrada uzoraka \u017ebuke i boje obra\u010dunava se po dogovoru i po uzorku.<br \/>\nIzrada uzoraka \u017ebuke i boje na gradili\u0161tu od strane tehni\u010dkog savjetnika obra\u010dunava se po doovoru i po uzorku.<br \/>\nPrije primjene obavezno provjeriti ton proizvoda koji namjeravate koristiti.<br \/>\nKonkretno savjetovanje na objektu posebno se dogovara.<\/p>\n<p><strong>Reklamacije<\/strong><br \/>\nKupac svojim potpisom na otpremnici preuzima robu prema vanjskim manifestacijama, koli\u010dinski i vrijednosno ispravnu. Ukoliko robu ne preuzima kupac, isti je du\u017ean pismeno ovlastiti drugu osobu za preuzimanje i o tome obavijetiti prodavaoca. Kupac ne mo\u017ee tra\u017eiti nadoknadu \u0161tete, ukoliko uslijed opravdanih razloga tj. vi\u0161e sile roba nije isporu\u010dena na vrijeme, a to nije uzrokovano na\u0161om neposrednom krivnjom.<br \/>\nReklamacije na isporu\u010denu robu priznaju se u roku od 5 dana od dana primanja robe od strane kupca, bilo da se radi o reklamaciji u pogledu kvantitete robe ili njene kakvo\u0107e.<br \/>\nReklamacije nastale uslijed prikrivenih mana proizvoda priznaju se u roku od 90 dana nakon ugradnje proizvoda.<br \/>\nReklamacija mora biti upu\u0107ena u pismenom obliku i mora nu\u017eno sadr\u017eavati sljede\u0107e:<br \/>\n-ta\u010dan naziv proizvoda<br \/>\n-datum primanja i koli\u010dinu zaprimljenog materijala<br \/>\n-broj proizvodne \u0161ar\u017ee o\u010ditan sa pakiranja proizvoda<br \/>\n-datum i na\u010din ugradnje,odnosno opis podloge na koju se materijal ugra\u0111ivao i detaljan opis \u0161tete.<br \/>\nAko se reklamira kvaliteta materijala, kupac je du\u017ean osigurati uzorak materijala u koli\u010dini koja omogu\u0107ava njegovo ispitivanje.<br \/>\nPodno\u0161enje reklamacije ne osloba\u0111a kupca od obveze pla\u0107anja.<br \/>\nCaparol ne odgovara za \u0161tete, lomove i o\u0161te\u0107enja bilo koje vrste koja je nastala u prijevozu roba, od trenutka utovara pa do istovara na odredi\u0161tu, u slu\u010daju \u010dega je potreban zapisnik potpisan od voza\u010da, kao ni za \u0161tetu nastalu nestru\u010dnom primjenom proizvoda ili \u0161tetu zbog neadekvatnih vremenskih uslova tokom primjene ili su\u0161enja materijala.<\/p>\n<p><strong>Usluge kupcima<\/strong><br \/>\nStru\u010dni savjeti pri odabiru proizvoda uz mogu\u0107nost stru\u010dne prakti\u010dne obuke vezane uz primjenu odre\u0111enog materijala, tehnolo\u0161ki prijedlog za\u0161tite ili sanacije Va\u0161eg objekta uz preporuku najbolje opcije<\/p>\n<p><strong>Pravne smjernice<\/strong><br \/>\nSav sadr\u017eaj ove stranice dizajn su i vlasni\u0161tvo poduze\u0107a Caparola d.o.o. odnosno DAW SE te su stoga za\u0161ti\u0107eni autorskim i ostalim vlasni\u010dkim pravima. Sla\u017eemo se s preuzimanjem sadr\u017eaja koji je namijenjen isklju\u010divo za osobnu upotrebu korisnika, me\u0111utim za preuzimanje sadr\u017eaja u neke druge svrhe, potrebno je tra\u017eiti prethodnu suglasnost Caparola d.o.o. odnosno DAW SE. Tako\u0111er isti\u010demo kako se na web stranicama mo\u017ee nalaziti sadr\u017eaj koji nam je ustupljen od strane tre\u0107ih osoba u svrhu objave na ovim web stranicama, te kao takvi nemamo licencna niti autorska prava na taj materijal.<br \/>\nSvi podaci na na\u0161im web stranicama provjereni su te se trudimo dr\u017eati aktualnim kao i svakodnevno nadopunjavati novim informacijama. Usprkos tome ne mo\u017eemo preuzeti odgovornost za pravovremenost, funkcionalnost, kvalitetu, dostupnost i cjelovitost informacija na web stranici. Potra\u017eivanja na osnovi odgovornosti koja proizlaze iz kori\u0161tenja ove web stranice u potpunosti su isklju\u010dena.<br \/>\nNa na\u0161oj web stranici nalaze se i linkovi za druge web stranice. Stoga napominjemo kako nemamo uticaj na dizajn i sadr\u017eaj tih povezanih stranica, kao ni na aktualnost, ta\u010dnost podataka i kvalitetu sadr\u017eaja na njima. Ovo obja\u0161njenje odnosi se na sve linkove povezane sa vanjskim web stranicama i njihovim sadr\u017eajem.<\/p>\n<p><strong>Za\u0161tita osobnih podataka<\/strong><br \/>\nKorisnici Interneta \u010desto su izlo\u017eeni nesigurnosti i nepovjerenju vezanom uz prikupljanje, pohranu i obradu osobnih podataka kroz web stranice. Stoga Vas \u017eelimo informirati o privatnosti online podataka vezanoj za ove web stranice:<br \/>\nOva web stranica koristi Google Analytics \u2013 web analizu koji osigurava Google, Inc. (\u201cGoogle\u201d). Google Analytics koristi \u201ccookie\u201d-e, tekstovne dokumente na va\u0161em kompjuteru, kako bi pomogli web stranici analizirati kako korisnici koriste stranicu.<br \/>\nInformacije generirana \u201ccookie\u201d-em o va\u0161em kori\u0161tenju web stranice (uklju\u010duju\u0107i i Va\u0161u IP adresu) Google \u0107e proslijediti i sa\u010duvati na serverima u SAD-u. U slu\u010daju aktivacije IP-anonimizacije, Va\u0161a adresa \u0107e u zemljama \u010dlanicama Europske unije ili drugih dr\u017eava iz sporazuma o Europskom gospodarskom prostoru biti skra\u0107ena te \u0107e se samo u iznimnim slu\u010dajevima puna IP adresa prenositi na server u SAD te se tamo naknadno kratiti. Google \u0107e koristiti ove informacije u svrhu procjene Va\u0161eg kori\u0161tenja web stranice, skupljaju\u0107i izvje\u0161taje o aktivnosti web stranice za operatere web stranice i pru\u017eanja drugih usluga vezanih za aktivnosti web stranice i kori\u0161tenje Interneta. Google tako\u0111er mo\u017ee proslijediti te informacije tre\u0107im stranama, gdje zakon tako nala\u017ee, ili gdje te tre\u0107e strane procesuiraju informacije u ime Google-a. Google ne\u0107e povezivati Va\u0161u IP adresu s drugim informacijama koje posjeduje. Mo\u017eete odbiti koristiti \u201ccookie\u201d-je biranjem odgovaraju\u0107ih postavki na Va\u0161em pretra\u017eiva\u010du, no u tom slu\u010daju ne\u0107ete mo\u0107i koristiti sve funkcije web stanice. Kori\u0161tenjem ove web stranice, pristajete na procesuiranje Va\u0161ih podataka od strane Google-a na na\u010din i u ovdje navedenu svrhu. Tako\u0111er, mo\u017eete i sprije\u010diti prikupljanje podataka u budu\u0107nosti instaliranjem dodatka u svoj Internet preglednik, kojeg mo\u017eete preuzeti sa: http:\/\/tools.google.com\/dlpage\/gaoptout?hl=en.<br \/>\nVi\u0161e informacija o Uslovima kori\u0161tenja i za\u0161titi privatnosti mo\u017eete prona\u0107i na www.google.com\/analytics\/terms\/de.html kao i na www.google.com\/intl\/de\/analytics\/privacyoverview.html. Na ovim stranicama nalazi se i informacija o prikupljanju anonimnih IP adresa (tzv. IP maskiranje) od strane Google Analyticsa pod kodom \u201egat._anonymizeIp();\u201c.<br \/>\nDeaktivacija Google Adwordsa<br \/>\nGoogle Analytics koristimo za procjenu podataka iz AdWordsa kao i Double-Click cookie-a u statisti\u010dke svrhe. Ukoliko to ne \u017eelite, opciju mo\u017eete onemogu\u0107iti putem opcije upravljanja oglasima (http:\/\/www.google.com\/settings\/ads\/onweb\/?hl=de ).<br \/>\nKori\u0161tenje Plug-In-ova na dru\u0161tvenim mre\u017eama<br \/>\n\u201cNa web stranici postoje Plug In-ovi odnosno dodatci koji su integrirani sa dru\u0161tvenim mre\u017eama. Raspoznati ih mo\u017eete prema logu dru\u0161tvene mre\u017ee ili karakteristi\u010dnom \u201cLike\u201d gumbu koji se nalaze na na\u0161im stranicama. Prilikom Va\u0161eg posjeta web stranici Plug In ima direktnu vezu izme\u0111u preglednika i poslu\u017eiteljem odgovaraju\u0107e dru\u0161tvene mre\u017ee. Na taj na\u010din dru\u0161tvena mre\u017ea prikuplja podatke preko Va\u0161e IP adrese da ste posjetili na\u0161u stranicu. Svrhu i opseg prikupljanja podataka od strane pojedine dru\u0161tvene mre\u017ee, kao i Va\u0161a prava i postavki privatnosti mo\u017eete potra\u017eiti u postavkama pojedine dru\u0161tvene mre\u017ee koju koristite\u201d.<br \/>\nKlikom na gumb \u201cShare\u201d odnosno \u201cDijeli\u201d obavijest se prenosi Facebook poslu\u017eitelju (serveru) da ste pristupili \u017eeljenom sadr\u017eaju na\u0161e web stranice. Ukoliko koristite ovu opciju i prijavljeni ste na Facebook, Facebook objavu prikazuje na Va\u0161em profilu. Va\u0161i komentari tako\u0111er se prenose izravno na Facebook i tamo se pohranjuju. Svrha i opseg prikupljanja podataka kao i daljnja obrada i njihovo kori\u0161tenje od strane Facebooka, reguliraju se unutar postavki za\u0161tite privatnosti i sigurnosti na samoj dru\u0161tvenoj mre\u017ei. Ukoliko ne \u017eelite da Facebook prikuplja Va\u0161e podatke preko na\u0161ih web stranica, morate se odlogirati odnosno odjaviti prije nego posjetite na\u0161u web stranicu te tako\u0111er ne mo\u017eete koristiti \u201cShare\u201d odnosno \u201cDijeli\u201d funkciju.<\/p>\n<p><strong>Osobni podaci<\/strong><br \/>\nOsobni podaci prikupljaju se s na\u0161e strane samo u slu\u010daju ukoliko je to dobrovoljno s Va\u0161e strane npr. kod prijave na na\u0161 Newsletter ili prilikom slanja e-maila. Naravno ove informacije dr\u017eimo u tajnosti i koristimo ih iznimno kod odgovaranja na Va\u0161e direktne upite. Va\u0161i podatci preko nas nikada ne\u0107e biti ustupljeni tre\u0107oj strani, osim ukoliko zakon nala\u017ee druga\u010dije, uz Va\u0161 pristanak i slu\u017ebeno odobrenje.<\/p>\n<\/div>\n","protected":false},"excerpt":{"rendered":"<p>Impresum Uslovi prodaje Caparol \u0107e isporu\u010divati ispravne proizvode, nepromijenjene kvalitete, garantiranog porijekla, \u010dije su osobine opisane u slu\u017ebenim dokumentima i\/ili koje su navedene na pakiranju. Caparol zadr\u017eava pravo proizvode u svakom trenutku tehni\u010dki izmijeniti, promijeniti pakiranja, kao i uvjete prodaje &hellip; <a href=\"https:\/\/alpina.ba\/?page_id=139\">Nastavi \u010ditati <span class=\"meta-nav\">&rarr;<\/span><\/a><\/p>\n","protected":false},"author":1,"featured_media":0,"parent":0,"menu_order":0,"comment_status":"closed","ping_status":"closed","template":"","meta":{"jetpack_post_was_ever_published":false,"footnotes":""},"class_list":["post-139","page","type-page","status-publish","hentry"],"jetpack_sharing_enabled":true,"jetpack_shortlink":"https:\/\/wp.me\/P8kWeJ-2f","jetpack-related-posts":[{"id":38,"url":"https:\/\/alpina.ba\/","url_meta":{"origin":139,"position":0},"title":"Alpina Expert \u2013 100 years of experience","date":"26\/01\/2017","format":false,"excerpt":"Alpina \u2013 najpoznatija \u2018Sam svoj majstor\u2019 boja u Europi Alpina je ve\u0107 desetlje\u0107ima najpoznatija i najprodavanija boja u Njema\u010dkoj, ali dobro prepoznata i u segmentu \u2018Sam svoj majstor\u2019 \u0161irom Europe, zahvaljuju\u0107i svom segmentu boja, lakova i lazura. U ponudi se uz boje, lakove i lazure nalazi i linija proizvoda Alpina\u2026","rel":"","context":"Similar post","img":{"alt_text":"","src":"","width":0,"height":0},"classes":[]},{"id":143,"url":"https:\/\/alpina.ba\/?page_id=143","url_meta":{"origin":139,"position":1},"title":"O nama","date":"04\/02\/2017","format":false,"excerpt":"Alpina \u2013 najpoznatija \u2018Sam svoj majstor\u2019 boja u Europi Alpina je ve\u0107 desetlje\u0107ima najpoznatija i najprodavanija boja u Njema\u010dkoj, ali dobro prepoznata i u segmentu \u2018Sam svoj majstor\u2019 \u0161irom Europe, zahvaljuju\u0107i svom segmentu boja, lakova i lazura. U ponudi se uz boje, lakove i lazure nalazi i linija proizvoda Alpina\u2026","rel":"","context":"Similar post","img":{"alt_text":"","src":"","width":0,"height":0},"classes":[]},{"id":2,"url":"https:\/\/alpina.ba\/?page_id=2","url_meta":{"origin":139,"position":2},"title":"Primjer stranice","date":"26\/01\/2017","format":false,"excerpt":"Ovo je primjer stranice. Razlikuje se od blog objave jer se stalno nalazi na istom mjestu i prikazati \u0107e se u navigaciji va\u0161e web stranice (u ve\u0107ini tema). Ve\u0107ina ljudi zapo\u010dinje s O meni stranicom koja ih predstavlja potencijalnim posjetiteljima web stranice. Na primjer mo\u017ee sadr\u017eavati: Pozdrav! Ja sam dostavlja\u010d\u2026","rel":"","context":"Similar post","img":{"alt_text":"","src":"","width":0,"height":0},"classes":[]},{"id":276,"url":"https:\/\/alpina.ba\/?page_id=276","url_meta":{"origin":139,"position":3},"title":"Integritet","date":"24\/07\/2023","format":false,"excerpt":"Na\u010dela koja po\u0161tujemo kao poslovni partner s integritetom Grupa DAW dom je brojnih sna\u017enih\u00a0brendova\u00a0te po\u0161ten i pouzdan partner svojim zaposlenicima, klijentima, dobavlja\u010dima i drugim poslovnim partnerima. Dobro znamo da gospodarski uspjeh mo\u017eemo dugoro\u010dno odr\u017eati i nastaviti samo ako poslujemo u skladu s eti\u010dkim na\u010delima i u skladu sa zakonodavstvom. Stoga\u2026","rel":"","context":"Similar post","img":{"alt_text":"","src":"","width":0,"height":0},"classes":[]},{"id":18,"url":"https:\/\/alpina.ba\/?page_id=18","url_meta":{"origin":139,"position":4},"title":"Ostali proizvodi","date":"26\/01\/2017","format":false,"excerpt":"Alpina Magneto Kreativan dizajn zida sa feromagnetnom bojom: Dizajnirajte zid na koji se lijepe magneti prema va\u0161im idejama i idejama. Osnovna boja Alpina Magneto se nakon su\u0161enja mo\u017ee prefarbati i dizajnirati po \u017eelji. Prakti\u010dni magnetni zidovi u de\u010dijim sobama, kuhinji ili kancelarijama, ordinacijama i sli\u010dno. Lako se mogu farbati. Sa\u2026","rel":"","context":"Similar post","img":{"alt_text":"","src":"","width":0,"height":0},"classes":[]},{"id":15,"url":"https:\/\/alpina.ba\/?page_id=15","url_meta":{"origin":139,"position":5},"title":"Zavr\u0161ne \u017ebuke","date":"26\/01\/2017","format":false,"excerpt":"Alpina Expert Strukturputz Strukturna \u017ebuka na bazi umjetne smole za fasadne povr\u0161ine i kao zavr\u0161ni sloj u povezanim sustavima za toplinsku izolaciju. Pakiranje: 25 kg Potro\u0161nja: ovisno o veli\u010dini zrna Granulacija: 1,0 mm, 1,5 mm, 2,0 mm Alpina Expert Strukturputz TI Alpina Expert Rillenputz Strukturna \u017ebuka \u017eljebaste (vu\u010dene) strukture na\u2026","rel":"","context":"Similar post","img":{"alt_text":"","src":"","width":0,"height":0},"classes":[]}],"_links":{"self":[{"href":"https:\/\/alpina.ba\/index.php?rest_route=\/wp\/v2\/pages\/139","targetHints":{"allow":["GET"]}}],"collection":[{"href":"https:\/\/alpina.ba\/index.php?rest_route=\/wp\/v2\/pages"}],"about":[{"href":"https:\/\/alpina.ba\/index.php?rest_route=\/wp\/v2\/types\/page"}],"author":[{"embeddable":true,"href":"https:\/\/alpina.ba\/index.php?rest_route=\/wp\/v2\/users\/1"}],"replies":[{"embeddable":true,"href":"https:\/\/alpina.ba\/index.php?rest_route=%2Fwp%2Fv2%2Fcomments&post=139"}],"version-history":[{"count":2,"href":"https:\/\/alpina.ba\/index.php?rest_route=\/wp\/v2\/pages\/139\/revisions"}],"predecessor-version":[{"id":147,"href":"https:\/\/alpina.ba\/index.php?rest_route=\/wp\/v2\/pages\/139\/revisions\/147"}],"wp:attachment":[{"href":"https:\/\/alpina.ba\/index.php?rest_route=%2Fwp%2Fv2%2Fmedia&parent=139"}],"curies":[{"name":"wp","href":"https:\/\/api.w.org\/{rel}","templated":true}]}}