{"id":15,"date":"2017-01-26T20:50:52","date_gmt":"2017-01-26T19:50:52","guid":{"rendered":"http:\/\/alpina.ba\/?page_id=15"},"modified":"2017-01-27T19:04:25","modified_gmt":"2017-01-27T18:04:25","slug":"zavrsne-zbuke","status":"publish","type":"page","link":"https:\/\/alpina.ba\/?page_id=15","title":{"rendered":"Zavr\u0161ne \u017ebuke"},"content":{"rendered":"<div id=\"attachment_66\" style=\"width: 294px\" class=\"wp-caption alignright\"><img loading=\"lazy\" decoding=\"async\" aria-describedby=\"caption-attachment-66\" data-attachment-id=\"66\" data-permalink=\"https:\/\/alpina.ba\/?attachment_id=66\" data-orig-file=\"https:\/\/i0.wp.com\/alpina.ba\/wp-content\/uploads\/2017\/01\/Alpina-Expert-Strukturputz.jpg?fit=284%2C166&amp;ssl=1\" data-orig-size=\"284,166\" data-comments-opened=\"1\" data-image-meta=\"{&quot;aperture&quot;:&quot;0&quot;,&quot;credit&quot;:&quot;&quot;,&quot;camera&quot;:&quot;&quot;,&quot;caption&quot;:&quot;&quot;,&quot;created_timestamp&quot;:&quot;0&quot;,&quot;copyright&quot;:&quot;&quot;,&quot;focal_length&quot;:&quot;0&quot;,&quot;iso&quot;:&quot;0&quot;,&quot;shutter_speed&quot;:&quot;0&quot;,&quot;title&quot;:&quot;&quot;,&quot;orientation&quot;:&quot;0&quot;}\" data-image-title=\"Alpina-Expert-Strukturputz\" data-image-description=\"\" data-image-caption=\"\" data-medium-file=\"https:\/\/i0.wp.com\/alpina.ba\/wp-content\/uploads\/2017\/01\/Alpina-Expert-Strukturputz.jpg?fit=284%2C166&amp;ssl=1\" data-large-file=\"https:\/\/i0.wp.com\/alpina.ba\/wp-content\/uploads\/2017\/01\/Alpina-Expert-Strukturputz.jpg?fit=284%2C166&amp;ssl=1\" class=\"wp-image-66 size-full\" src=\"https:\/\/i0.wp.com\/alpina.ba\/wp-content\/uploads\/2017\/01\/Alpina-Expert-Strukturputz.jpg?resize=284%2C166\" alt=\"Alpina Expert Strukturputz\" width=\"284\" height=\"166\" data-recalc-dims=\"1\" \/><p id=\"caption-attachment-66\" class=\"wp-caption-text\">Alpina Expert Strukturputz<\/p><\/div>\n<p><strong>Alpina Expert Strukturputz<\/strong><\/p>\n<p>Strukturna \u017ebuka na bazi umjetne smole za fasadne povr\u0161ine i kao zavr\u0161ni sloj u povezanim sustavima za toplinsku izolaciju.<\/p>\n<p><strong>Pakiranje:<\/strong> 25 kg<br \/>\n<strong>Potro\u0161nja:<\/strong> ovisno o veli\u010dini zrna<br \/>\n<strong>Granulacija:<\/strong> 1,0 mm, 1,5 mm, 2,0 mm<\/p>\n<p><a href=\"http:\/\/alpina.ba\/wp-content\/uploads\/2017\/01\/Alpina-Expert-Strukturputz-TI.pdf\">Alpina Expert Strukturputz TI<\/a><\/p>\n<hr \/>\n<div id=\"attachment_65\" style=\"width: 298px\" class=\"wp-caption alignright\"><img loading=\"lazy\" decoding=\"async\" aria-describedby=\"caption-attachment-65\" data-attachment-id=\"65\" data-permalink=\"https:\/\/alpina.ba\/?attachment_id=65\" data-orig-file=\"https:\/\/i0.wp.com\/alpina.ba\/wp-content\/uploads\/2017\/01\/Alpina-Expert-Rillenputz.jpg?fit=288%2C170&amp;ssl=1\" data-orig-size=\"288,170\" data-comments-opened=\"1\" data-image-meta=\"{&quot;aperture&quot;:&quot;0&quot;,&quot;credit&quot;:&quot;&quot;,&quot;camera&quot;:&quot;&quot;,&quot;caption&quot;:&quot;&quot;,&quot;created_timestamp&quot;:&quot;0&quot;,&quot;copyright&quot;:&quot;&quot;,&quot;focal_length&quot;:&quot;0&quot;,&quot;iso&quot;:&quot;0&quot;,&quot;shutter_speed&quot;:&quot;0&quot;,&quot;title&quot;:&quot;&quot;,&quot;orientation&quot;:&quot;0&quot;}\" data-image-title=\"Alpina-Expert-Rillenputz\" data-image-description=\"\" data-image-caption=\"\" data-medium-file=\"https:\/\/i0.wp.com\/alpina.ba\/wp-content\/uploads\/2017\/01\/Alpina-Expert-Rillenputz.jpg?fit=288%2C170&amp;ssl=1\" data-large-file=\"https:\/\/i0.wp.com\/alpina.ba\/wp-content\/uploads\/2017\/01\/Alpina-Expert-Rillenputz.jpg?fit=288%2C170&amp;ssl=1\" class=\"wp-image-65 size-full\" src=\"https:\/\/i0.wp.com\/alpina.ba\/wp-content\/uploads\/2017\/01\/Alpina-Expert-Rillenputz.jpg?resize=288%2C170\" alt=\"Alpina Expert Rillenputz\" width=\"288\" height=\"170\" data-recalc-dims=\"1\" \/><p id=\"caption-attachment-65\" class=\"wp-caption-text\">Alpina Expert Rillenputz<\/p><\/div>\n<p><strong>Alpina Expert Rillenputz<\/strong><\/p>\n<p>Strukturna \u017ebuka \u017eljebaste (vu\u010dene) strukture na bazi umjetne smole za fasadne povr\u0161ine te kao zavr\u0161ni sloj u povezanim sustavima za toplinsku izolaciju.<\/p>\n<p><strong>Pakiranje:<\/strong> 25 kg<br \/>\n<strong>Potro\u0161nja:<\/strong> 25 kg za ca. 8 \u2013 10 m\u00b2.<br \/>\n<strong>Granulacija:<\/strong> 2 mm<\/p>\n<p><a href=\"http:\/\/alpina.ba\/wp-content\/uploads\/2017\/01\/Alpina-Expert-Rillenputz-TI.pdf\">Alpina Expert Rillenputz TI<\/a><\/p>\n<hr \/>\n<div id=\"attachment_64\" style=\"width: 242px\" class=\"wp-caption alignright\"><img loading=\"lazy\" decoding=\"async\" aria-describedby=\"caption-attachment-64\" data-attachment-id=\"64\" data-permalink=\"https:\/\/alpina.ba\/?attachment_id=64\" data-orig-file=\"https:\/\/i0.wp.com\/alpina.ba\/wp-content\/uploads\/2017\/01\/Alpina-Expert-SISI-putz.jpg?fit=232%2C181&amp;ssl=1\" data-orig-size=\"232,181\" data-comments-opened=\"1\" data-image-meta=\"{&quot;aperture&quot;:&quot;0&quot;,&quot;credit&quot;:&quot;&quot;,&quot;camera&quot;:&quot;&quot;,&quot;caption&quot;:&quot;&quot;,&quot;created_timestamp&quot;:&quot;0&quot;,&quot;copyright&quot;:&quot;&quot;,&quot;focal_length&quot;:&quot;0&quot;,&quot;iso&quot;:&quot;0&quot;,&quot;shutter_speed&quot;:&quot;0&quot;,&quot;title&quot;:&quot;&quot;,&quot;orientation&quot;:&quot;0&quot;}\" data-image-title=\"Alpina-Expert-SISI-putz\" data-image-description=\"\" data-image-caption=\"\" data-medium-file=\"https:\/\/i0.wp.com\/alpina.ba\/wp-content\/uploads\/2017\/01\/Alpina-Expert-SISI-putz.jpg?fit=232%2C181&amp;ssl=1\" data-large-file=\"https:\/\/i0.wp.com\/alpina.ba\/wp-content\/uploads\/2017\/01\/Alpina-Expert-SISI-putz.jpg?fit=232%2C181&amp;ssl=1\" class=\"wp-image-64 size-full\" src=\"https:\/\/i0.wp.com\/alpina.ba\/wp-content\/uploads\/2017\/01\/Alpina-Expert-SISI-putz.jpg?resize=232%2C181\" alt=\"Alpina Expert SISI putz\" width=\"232\" height=\"181\" data-recalc-dims=\"1\" \/><p id=\"caption-attachment-64\" class=\"wp-caption-text\">Alpina Expert SISI putz<\/p><\/div>\n<p><strong>Alpina Expert SISI putz<\/strong><\/p>\n<p>Strukturna \u017ebuka vezana silikonskom smolom, s mineralnim svojstvima, slu\u017ei za fasadne povr\u0161ine i kao zavr\u0161ni sloj u povezanim sustavima za toplinsku izolaciju. Hidrofobna je i visoko difuzivna.<\/p>\n<p><strong>Pakiranje:<\/strong> 25 kg<br \/>\n<strong>Potro\u0161nja:<\/strong> ca. 2,4 kg\/m\u00b2<\/p>\n<p><a href=\"http:\/\/alpina.ba\/wp-content\/uploads\/2017\/01\/Alpina-Expert-Thermo-SISI-Putz-TI.pdf\">Alpina Expert Thermo SISI Putz TI<\/a><\/p>\n<hr \/>\n<p>&nbsp;<\/p>\n","protected":false},"excerpt":{"rendered":"<p>Alpina Expert Strukturputz Strukturna \u017ebuka na bazi umjetne smole za fasadne povr\u0161ine i kao zavr\u0161ni sloj u povezanim sustavima za toplinsku izolaciju. Pakiranje: 25 kg Potro\u0161nja: ovisno o veli\u010dini zrna Granulacija: 1,0 mm, 1,5 mm, 2,0 mm Alpina Expert Strukturputz &hellip; <a href=\"https:\/\/alpina.ba\/?page_id=15\">Nastavi \u010ditati <span class=\"meta-nav\">&rarr;<\/span><\/a><\/p>\n","protected":false},"author":1,"featured_media":0,"parent":0,"menu_order":0,"comment_status":"closed","ping_status":"closed","template":"","meta":{"jetpack_post_was_ever_published":false,"footnotes":""},"class_list":["post-15","page","type-page","status-publish","hentry"],"jetpack_sharing_enabled":true,"jetpack_shortlink":"https:\/\/wp.me\/P8kWeJ-f","jetpack-related-posts":[{"id":13,"url":"https:\/\/alpina.ba\/?page_id=13","url_meta":{"origin":15,"position":0},"title":"Fasadne boje","date":"26\/01\/2017","format":false,"excerpt":"Alpina Expert Fassadenfarbe Fasadna boja posebno pogodna za nove, nepremazane \u017ebuke kao i prilikom renoviranja na starim premazima koji dobro ve\u017eu te \u010dvrstim, nosivim podlogama. Oja\u010danje siloksanom pru\u017ea optimalnu za\u0161titu od vlage odnosno omogu\u0107ava visoku paropropusnost i dovoljnu propusnost CO2. Pakiranje: Bijela 5 l i 15 l, ColorExpress 4,5 l\u2026","rel":"","context":"Similar post","img":{"alt_text":"","src":"","width":0,"height":0},"classes":[]},{"id":12,"url":"https:\/\/alpina.ba\/?page_id=12","url_meta":{"origin":15,"position":1},"title":"Unutarnje boje","date":"26\/01\/2017","format":false,"excerpt":"Alpinawei\u00df Das Original Alpinawei\u00df Das Original Najprodavanija Europska unutarnja boja! Unutarnja disperzivna boja vrhunske pokrivnosti, najvi\u0161e klase. Namijenjena za premazivanje zidova, izvanredno prikladna za nove unutarnje premaze kao i premaze kod renoviranja unutarnjih prostora. Pakiranje:Potro\u0161nja: 1 l dostatna za ca. 7,5 m\u00b2 Alpinaweiss Das Original TI Alpina Malerweiss Alpina Malerweiss\u2026","rel":"","context":"Similar post","img":{"alt_text":"","src":"https:\/\/i0.wp.com\/alpina.ba\/wp-content\/uploads\/2019\/02\/Alpinaweiss_Das_Original_10L.jpg?resize=350%2C200&ssl=1","width":350,"height":200},"classes":[]},{"id":14,"url":"https:\/\/alpina.ba\/?page_id=14","url_meta":{"origin":15,"position":2},"title":"Ljepila, armirne i glet mase","date":"26\/01\/2017","format":false,"excerpt":"Alpina Expert Baukleber Baukleber je mineralni cementno-vapneni suhi mort na bazi modificirane umjetne smole univerzalne primjene, kao i za lijepljenje EPS-fasadnih izolacijskih plo\u010da i kamene vune. Pakiranje: 25 kgPotro\u0161nja: lijepljenje: ca. 3-5 kg\/m\u00b2 Alpina Expert Baukleber TI \u00a0 Alpina Expert Klebespachtel Ljepilo i masa za gletanje za povezane sustave za\u2026","rel":"","context":"Similar post","img":{"alt_text":"","src":"","width":0,"height":0},"classes":[]},{"id":10,"url":"https:\/\/alpina.ba\/?page_id=10","url_meta":{"origin":15,"position":3},"title":"Temeljni premazi","date":"26\/01\/2017","format":false,"excerpt":"Alpina Expert Unigrund Sredstvo za grundiranje, bez otapala, namijenjeno za izjedna\u010davanje upojnosti podloge. Posebno je pogodan za sve unutarnje i vanjske upojne, osipaju\u0107e i kredaste podloge kao \u0161to su zid, \u017ebuke, beton, Ytong, gips-kartonske plo\u010de. Pripremljen za upotrebu, bez otapala. Pakiranje: 5 l, 10 l Potro\u0161nja: ca. 150\u2013250 g\/m\u00b2 Alpina\u2026","rel":"","context":"Similar post","img":{"alt_text":"","src":"","width":0,"height":0},"classes":[]},{"id":38,"url":"https:\/\/alpina.ba\/","url_meta":{"origin":15,"position":4},"title":"Alpina Expert \u2013 100 years of experience","date":"26\/01\/2017","format":false,"excerpt":"Alpina \u2013 najpoznatija \u2018Sam svoj majstor\u2019 boja u Europi Alpina je ve\u0107 desetlje\u0107ima najpoznatija i najprodavanija boja u Njema\u010dkoj, ali dobro prepoznata i u segmentu \u2018Sam svoj majstor\u2019 \u0161irom Europe, zahvaljuju\u0107i svom segmentu boja, lakova i lazura. U ponudi se uz boje, lakove i lazure nalazi i linija proizvoda Alpina\u2026","rel":"","context":"Similar post","img":{"alt_text":"","src":"","width":0,"height":0},"classes":[]},{"id":143,"url":"https:\/\/alpina.ba\/?page_id=143","url_meta":{"origin":15,"position":5},"title":"O nama","date":"04\/02\/2017","format":false,"excerpt":"Alpina \u2013 najpoznatija \u2018Sam svoj majstor\u2019 boja u Europi Alpina je ve\u0107 desetlje\u0107ima najpoznatija i najprodavanija boja u Njema\u010dkoj, ali dobro prepoznata i u segmentu \u2018Sam svoj majstor\u2019 \u0161irom Europe, zahvaljuju\u0107i svom segmentu boja, lakova i lazura. U ponudi se uz boje, lakove i lazure nalazi i linija proizvoda Alpina\u2026","rel":"","context":"Similar post","img":{"alt_text":"","src":"","width":0,"height":0},"classes":[]}],"_links":{"self":[{"href":"https:\/\/alpina.ba\/index.php?rest_route=\/wp\/v2\/pages\/15","targetHints":{"allow":["GET"]}}],"collection":[{"href":"https:\/\/alpina.ba\/index.php?rest_route=\/wp\/v2\/pages"}],"about":[{"href":"https:\/\/alpina.ba\/index.php?rest_route=\/wp\/v2\/types\/page"}],"author":[{"embeddable":true,"href":"https:\/\/alpina.ba\/index.php?rest_route=\/wp\/v2\/users\/1"}],"replies":[{"embeddable":true,"href":"https:\/\/alpina.ba\/index.php?rest_route=%2Fwp%2Fv2%2Fcomments&post=15"}],"version-history":[{"count":4,"href":"https:\/\/alpina.ba\/index.php?rest_route=\/wp\/v2\/pages\/15\/revisions"}],"predecessor-version":[{"id":71,"href":"https:\/\/alpina.ba\/index.php?rest_route=\/wp\/v2\/pages\/15\/revisions\/71"}],"wp:attachment":[{"href":"https:\/\/alpina.ba\/index.php?rest_route=%2Fwp%2Fv2%2Fmedia&parent=15"}],"curies":[{"name":"wp","href":"https:\/\/api.w.org\/{rel}","templated":true}]}}