{"id":16,"date":"2017-01-26T20:50:52","date_gmt":"2017-01-26T19:50:52","guid":{"rendered":"http:\/\/alpina.ba\/?page_id=16"},"modified":"2017-06-04T12:42:31","modified_gmt":"2017-06-04T10:42:31","slug":"lakovi","status":"publish","type":"page","link":"https:\/\/alpina.ba\/?page_id=16","title":{"rendered":"Lakovi"},"content":{"rendered":"<div id=\"attachment_114\" style=\"width: 231px\" class=\"wp-caption alignright\"><img loading=\"lazy\" decoding=\"async\" aria-describedby=\"caption-attachment-114\" data-attachment-id=\"114\" data-permalink=\"https:\/\/alpina.ba\/?attachment_id=114\" data-orig-file=\"https:\/\/i0.wp.com\/alpina.ba\/wp-content\/uploads\/2017\/01\/Uni-Primer.jpg?fit=251%2C341&amp;ssl=1\" data-orig-size=\"251,341\" data-comments-opened=\"1\" data-image-meta=\"{&quot;aperture&quot;:&quot;0&quot;,&quot;credit&quot;:&quot;&quot;,&quot;camera&quot;:&quot;&quot;,&quot;caption&quot;:&quot;&quot;,&quot;created_timestamp&quot;:&quot;0&quot;,&quot;copyright&quot;:&quot;&quot;,&quot;focal_length&quot;:&quot;0&quot;,&quot;iso&quot;:&quot;0&quot;,&quot;shutter_speed&quot;:&quot;0&quot;,&quot;title&quot;:&quot;&quot;,&quot;orientation&quot;:&quot;0&quot;}\" data-image-title=\"Uni-Primer\" data-image-description=\"\" data-image-caption=\"\" data-medium-file=\"https:\/\/i0.wp.com\/alpina.ba\/wp-content\/uploads\/2017\/01\/Uni-Primer.jpg?fit=221%2C300&amp;ssl=1\" data-large-file=\"https:\/\/i0.wp.com\/alpina.ba\/wp-content\/uploads\/2017\/01\/Uni-Primer.jpg?fit=251%2C341&amp;ssl=1\" class=\"wp-image-114 size-medium\" src=\"https:\/\/i0.wp.com\/alpina.ba\/wp-content\/uploads\/2017\/01\/Uni-Primer.jpg?resize=221%2C300\" alt=\"Alpina Uni-Primer\" width=\"221\" height=\"300\" srcset=\"https:\/\/i0.wp.com\/alpina.ba\/wp-content\/uploads\/2017\/01\/Uni-Primer.jpg?resize=221%2C300&amp;ssl=1 221w, https:\/\/i0.wp.com\/alpina.ba\/wp-content\/uploads\/2017\/01\/Uni-Primer.jpg?w=251&amp;ssl=1 251w\" sizes=\"auto, (max-width: 221px) 100vw, 221px\" data-recalc-dims=\"1\" \/><p id=\"caption-attachment-114\" class=\"wp-caption-text\">Alpina Uni-Primer<\/p><\/div>\n<p><strong>Alpina Uni-Primer<\/strong><\/p>\n<p>Temeljni premaz za unutarnje, vanjske i zapunjuju\u0107e premaze koji dobro ve\u017ee. Pogodan za drvo, metal, lesonit i ivericu, kao i za nosive stare premaze. Brzo se su\u0161i i mo\u017ee se univerzalno premazivati.<\/p>\n<p><strong>Potro\u0161nja:<\/strong> ca. 100 ml\/m\u00b2<\/p>\n<p>&nbsp;<\/p>\n<p><a href=\"http:\/\/alpina.ba\/wp-content\/uploads\/2017\/01\/Alpina-Uni-Primer-TI.pdf\">Alpina Uni Primer TI<\/a><\/p>\n<p>&nbsp;<\/p>\n<hr \/>\n<div id=\"attachment_164\" style=\"width: 227px\" class=\"wp-caption alignright\"><img loading=\"lazy\" decoding=\"async\" aria-describedby=\"caption-attachment-164\" data-attachment-id=\"164\" data-permalink=\"https:\/\/alpina.ba\/?attachment_id=164\" data-orig-file=\"https:\/\/i0.wp.com\/alpina.ba\/wp-content\/uploads\/2017\/01\/direkt_auf_rost_075l-2-1.jpg?fit=250%2C300&amp;ssl=1\" data-orig-size=\"250,300\" data-comments-opened=\"1\" data-image-meta=\"{&quot;aperture&quot;:&quot;0&quot;,&quot;credit&quot;:&quot;&quot;,&quot;camera&quot;:&quot;&quot;,&quot;caption&quot;:&quot;&quot;,&quot;created_timestamp&quot;:&quot;0&quot;,&quot;copyright&quot;:&quot;&quot;,&quot;focal_length&quot;:&quot;0&quot;,&quot;iso&quot;:&quot;0&quot;,&quot;shutter_speed&quot;:&quot;0&quot;,&quot;title&quot;:&quot;&quot;,&quot;orientation&quot;:&quot;1&quot;}\" data-image-title=\"direkt_auf_rost_075l-2\" data-image-description=\"\" data-image-caption=\"\" data-medium-file=\"https:\/\/i0.wp.com\/alpina.ba\/wp-content\/uploads\/2017\/01\/direkt_auf_rost_075l-2-1.jpg?fit=250%2C300&amp;ssl=1\" data-large-file=\"https:\/\/i0.wp.com\/alpina.ba\/wp-content\/uploads\/2017\/01\/direkt_auf_rost_075l-2-1.jpg?fit=250%2C300&amp;ssl=1\" class=\"wp-image-164 \" src=\"https:\/\/i0.wp.com\/alpina.ba\/wp-content\/uploads\/2017\/01\/direkt_auf_rost_075l-2-1.jpg?resize=217%2C261\" alt=\"Alpina Direkt auf Rost\" width=\"217\" height=\"261\" data-recalc-dims=\"1\" \/><p id=\"caption-attachment-164\" class=\"wp-caption-text\">Alpina Direkt auf Rost<\/p><\/div>\n<p><strong>Alpina\u00a0Direkt auf Rost<\/strong><\/p>\n<p>Za\u0161titni lak za sve vrste \u017eeljeza, nepremazanog, napadnutog hr\u0111om ili metala koji sadr\u017ei stare premaze (vrtne ograde, vrtno poku\u0107stvo, stubi\u0161ne i balkonske ograde, prozorske re\u0161etke, svjetiljke, re\u0161etkaste pregrade, prozore itd.).<\/p>\n<p><strong>Pakiranje:<\/strong> 0,75 l<br \/>\n<strong>Potro\u0161nja:<\/strong> ca. 90 ml\/m\u00b2<\/p>\n<p><a href=\"http:\/\/alpina.ba\/wp-content\/uploads\/2017\/01\/Alpina-Direkt-auf-Rost-TI.pdf\">Alpina Direkt auf Rost TI<\/a><\/p>\n<hr \/>\n<div id=\"attachment_113\" style=\"width: 232px\" class=\"wp-caption alignright\"><img loading=\"lazy\" decoding=\"async\" aria-describedby=\"caption-attachment-113\" data-attachment-id=\"113\" data-permalink=\"https:\/\/alpina.ba\/?attachment_id=113\" data-orig-file=\"https:\/\/i0.wp.com\/alpina.ba\/wp-content\/uploads\/2017\/01\/Alpina-Satin-Color-1.jpg?fit=251%2C339&amp;ssl=1\" data-orig-size=\"251,339\" data-comments-opened=\"1\" data-image-meta=\"{&quot;aperture&quot;:&quot;0&quot;,&quot;credit&quot;:&quot;&quot;,&quot;camera&quot;:&quot;&quot;,&quot;caption&quot;:&quot;&quot;,&quot;created_timestamp&quot;:&quot;0&quot;,&quot;copyright&quot;:&quot;&quot;,&quot;focal_length&quot;:&quot;0&quot;,&quot;iso&quot;:&quot;0&quot;,&quot;shutter_speed&quot;:&quot;0&quot;,&quot;title&quot;:&quot;&quot;,&quot;orientation&quot;:&quot;0&quot;}\" data-image-title=\"Alpina-Satin-Color-1\" data-image-description=\"\" data-image-caption=\"\" data-medium-file=\"https:\/\/i0.wp.com\/alpina.ba\/wp-content\/uploads\/2017\/01\/Alpina-Satin-Color-1.jpg?fit=222%2C300&amp;ssl=1\" data-large-file=\"https:\/\/i0.wp.com\/alpina.ba\/wp-content\/uploads\/2017\/01\/Alpina-Satin-Color-1.jpg?fit=251%2C339&amp;ssl=1\" class=\"wp-image-113 size-medium\" src=\"https:\/\/i0.wp.com\/alpina.ba\/wp-content\/uploads\/2017\/01\/Alpina-Satin-Color-1.jpg?resize=222%2C300\" alt=\"Alpina Satin Color\" width=\"222\" height=\"300\" srcset=\"https:\/\/i0.wp.com\/alpina.ba\/wp-content\/uploads\/2017\/01\/Alpina-Satin-Color-1.jpg?resize=222%2C300&amp;ssl=1 222w, https:\/\/i0.wp.com\/alpina.ba\/wp-content\/uploads\/2017\/01\/Alpina-Satin-Color-1.jpg?w=251&amp;ssl=1 251w\" sizes=\"auto, (max-width: 222px) 100vw, 222px\" data-recalc-dims=\"1\" \/><p id=\"caption-attachment-113\" class=\"wp-caption-text\">Alpina Satin Color<\/p><\/div>\n<p><strong>Alpina Satin Color<\/strong><\/p>\n<p>Svilenkasto-sjajni alkidni lak za unutra i vani. Odli\u010dno pokriva, izuzetno dugotrajan i otporan na grebanje. Intenzivnih nijansi.<br \/>\n<strong>Nijanse:<\/strong><br \/>\nAlpina Gloss Color: Cream Beige, Yellow, Red, Light Blue, Blue, Green, Grey, Light Brown, Brown, Dark Brown, Black, White<br \/>\nAlpina Satin Color: Yellow, Red, Light Blue, Green, Grey, Light Grey, Light Brown, Brown, Dark Brown, Black, White, Cream White<\/p>\n<p><strong>Pakiranje:<\/strong> 0,75 l<br \/>\n<strong>Potro\u0161nja:<\/strong> ca.80 \u2013100 ml\/m\u00b2<\/p>\n<p><a href=\"http:\/\/alpina.ba\/wp-content\/uploads\/2017\/01\/Alpina-Satin-Color-TI.pdf\">Alpina Satin Color TI<\/a><\/p>\n<hr \/>\n<div id=\"attachment_112\" style=\"width: 233px\" class=\"wp-caption alignright\"><img loading=\"lazy\" decoding=\"async\" aria-describedby=\"caption-attachment-112\" data-attachment-id=\"112\" data-permalink=\"https:\/\/alpina.ba\/?attachment_id=112\" data-orig-file=\"https:\/\/i0.wp.com\/alpina.ba\/wp-content\/uploads\/2017\/01\/Alpina-Gloss-Color.jpg?fit=251%2C337&amp;ssl=1\" data-orig-size=\"251,337\" data-comments-opened=\"1\" data-image-meta=\"{&quot;aperture&quot;:&quot;0&quot;,&quot;credit&quot;:&quot;&quot;,&quot;camera&quot;:&quot;&quot;,&quot;caption&quot;:&quot;&quot;,&quot;created_timestamp&quot;:&quot;0&quot;,&quot;copyright&quot;:&quot;&quot;,&quot;focal_length&quot;:&quot;0&quot;,&quot;iso&quot;:&quot;0&quot;,&quot;shutter_speed&quot;:&quot;0&quot;,&quot;title&quot;:&quot;&quot;,&quot;orientation&quot;:&quot;0&quot;}\" data-image-title=\"Alpina-Gloss-Color\" data-image-description=\"\" data-image-caption=\"\" data-medium-file=\"https:\/\/i0.wp.com\/alpina.ba\/wp-content\/uploads\/2017\/01\/Alpina-Gloss-Color.jpg?fit=223%2C300&amp;ssl=1\" data-large-file=\"https:\/\/i0.wp.com\/alpina.ba\/wp-content\/uploads\/2017\/01\/Alpina-Gloss-Color.jpg?fit=251%2C337&amp;ssl=1\" class=\"wp-image-112 size-medium\" src=\"https:\/\/i0.wp.com\/alpina.ba\/wp-content\/uploads\/2017\/01\/Alpina-Gloss-Color.jpg?resize=223%2C300\" alt=\"Alpina Gloss Color\" width=\"223\" height=\"300\" srcset=\"https:\/\/i0.wp.com\/alpina.ba\/wp-content\/uploads\/2017\/01\/Alpina-Gloss-Color.jpg?resize=223%2C300&amp;ssl=1 223w, https:\/\/i0.wp.com\/alpina.ba\/wp-content\/uploads\/2017\/01\/Alpina-Gloss-Color.jpg?w=251&amp;ssl=1 251w\" sizes=\"auto, (max-width: 223px) 100vw, 223px\" data-recalc-dims=\"1\" \/><p id=\"caption-attachment-112\" class=\"wp-caption-text\">Alpina Gloss Color<\/p><\/div>\n<p><strong>Alpina Gloss Color<\/strong><\/p>\n<p>Sjajni alkidni lak za unutra i vani. Odli\u010dno pokriva, izuzetno dugotrajan i otporan na grebanje. Intenzivnih nijansi.<br \/>\n<strong>Nijanse:<\/strong><br \/>\nAlpina Gloss Color: Cream Beige, Yellow, Red, Light Blue, Blue, Green, Grey, Light Brown, Brown, Dark Brown, Black, White<br \/>\nAlpina Satin Color: Yellow, Red, Light Blue, Green, Grey, Light Grey, Light Brown, Brown, Dark Brown, Black, White, Cream White<\/p>\n<p><strong>Pakiranje:<\/strong> 0,75 l<br \/>\n<strong>Potro\u0161nja:<\/strong> ca.80 \u2013100 ml\/m\u00b2<\/p>\n<p><a href=\"http:\/\/alpina.ba\/wp-content\/uploads\/2017\/01\/Alpina-Gloss-Color-TI.pdf\">Alpina Gloss Color TI<\/a><\/p>\n<p><img loading=\"lazy\" decoding=\"async\" data-attachment-id=\"110\" data-permalink=\"https:\/\/alpina.ba\/?attachment_id=110\" data-orig-file=\"https:\/\/i0.wp.com\/alpina.ba\/wp-content\/uploads\/2017\/01\/Lakovi-nijanse.jpg?fit=768%2C209&amp;ssl=1\" data-orig-size=\"768,209\" data-comments-opened=\"1\" data-image-meta=\"{&quot;aperture&quot;:&quot;0&quot;,&quot;credit&quot;:&quot;&quot;,&quot;camera&quot;:&quot;&quot;,&quot;caption&quot;:&quot;&quot;,&quot;created_timestamp&quot;:&quot;0&quot;,&quot;copyright&quot;:&quot;&quot;,&quot;focal_length&quot;:&quot;0&quot;,&quot;iso&quot;:&quot;0&quot;,&quot;shutter_speed&quot;:&quot;0&quot;,&quot;title&quot;:&quot;&quot;,&quot;orientation&quot;:&quot;0&quot;}\" data-image-title=\"Lakovi-nijanse\" data-image-description=\"\" data-image-caption=\"\" data-medium-file=\"https:\/\/i0.wp.com\/alpina.ba\/wp-content\/uploads\/2017\/01\/Lakovi-nijanse.jpg?fit=300%2C82&amp;ssl=1\" data-large-file=\"https:\/\/i0.wp.com\/alpina.ba\/wp-content\/uploads\/2017\/01\/Lakovi-nijanse.jpg?fit=640%2C174&amp;ssl=1\" class=\"aligncenter wp-image-110 size-full\" src=\"https:\/\/i0.wp.com\/alpina.ba\/wp-content\/uploads\/2017\/01\/Lakovi-nijanse.jpg?resize=640%2C174\" width=\"640\" height=\"174\" srcset=\"https:\/\/i0.wp.com\/alpina.ba\/wp-content\/uploads\/2017\/01\/Lakovi-nijanse.jpg?w=768&amp;ssl=1 768w, https:\/\/i0.wp.com\/alpina.ba\/wp-content\/uploads\/2017\/01\/Lakovi-nijanse.jpg?resize=300%2C82&amp;ssl=1 300w\" sizes=\"auto, (max-width: 640px) 100vw, 640px\" data-recalc-dims=\"1\" \/><\/p>\n<hr \/>\n<div id=\"attachment_153\" style=\"width: 246px\" class=\"wp-caption alignright\"><img loading=\"lazy\" decoding=\"async\" aria-describedby=\"caption-attachment-153\" data-attachment-id=\"153\" data-permalink=\"https:\/\/alpina.ba\/?attachment_id=153\" data-orig-file=\"https:\/\/i0.wp.com\/alpina.ba\/wp-content\/uploads\/2017\/01\/AlpinaColor-Buntlack.png?fit=679%2C863&amp;ssl=1\" data-orig-size=\"679,863\" data-comments-opened=\"1\" data-image-meta=\"{&quot;aperture&quot;:&quot;0&quot;,&quot;credit&quot;:&quot;&quot;,&quot;camera&quot;:&quot;&quot;,&quot;caption&quot;:&quot;&quot;,&quot;created_timestamp&quot;:&quot;0&quot;,&quot;copyright&quot;:&quot;&quot;,&quot;focal_length&quot;:&quot;0&quot;,&quot;iso&quot;:&quot;0&quot;,&quot;shutter_speed&quot;:&quot;0&quot;,&quot;title&quot;:&quot;&quot;,&quot;orientation&quot;:&quot;0&quot;}\" data-image-title=\"AlpinaColor Buntlack\" data-image-description=\"\" data-image-caption=\"\" data-medium-file=\"https:\/\/i0.wp.com\/alpina.ba\/wp-content\/uploads\/2017\/01\/AlpinaColor-Buntlack.png?fit=236%2C300&amp;ssl=1\" data-large-file=\"https:\/\/i0.wp.com\/alpina.ba\/wp-content\/uploads\/2017\/01\/AlpinaColor-Buntlack.png?fit=640%2C813&amp;ssl=1\" class=\"wp-image-153 size-medium\" src=\"https:\/\/i0.wp.com\/alpina.ba\/wp-content\/uploads\/2017\/01\/AlpinaColor-Buntlack.png?resize=236%2C300\" alt=\"Alpina Color Buntlack\" width=\"236\" height=\"300\" srcset=\"https:\/\/i0.wp.com\/alpina.ba\/wp-content\/uploads\/2017\/01\/AlpinaColor-Buntlack.png?resize=236%2C300&amp;ssl=1 236w, https:\/\/i0.wp.com\/alpina.ba\/wp-content\/uploads\/2017\/01\/AlpinaColor-Buntlack.png?w=679&amp;ssl=1 679w\" sizes=\"auto, (max-width: 236px) 100vw, 236px\" data-recalc-dims=\"1\" \/><p id=\"caption-attachment-153\" class=\"wp-caption-text\">Alpina Color Buntlack<\/p><\/div>\n<p><strong>Alpina Color Buntlack<\/strong><\/p>\n<p>Univerzalni 2u1 lak, namijenjen za lakiranje i grundiranje. Odli\u010dne pokrivnosti, na bazi vode, za unutarnje i vanjske prostore, namijenjen za premaze na drvetu, \u017eeljezu, cinku, aluminiju i tvrdom PVC-u. Elasti\u010dan, velike stabilnosti sjaja i nijanse boje.<\/p>\n<p><strong>Pakiranje:<\/strong>\u00a00,5 l, 1 l i 2 l<br \/>\n<strong>Potro\u0161nja:<\/strong> ca. 100 \u2013120 ml\/m\u00b2<\/p>\n<p><a href=\"http:\/\/alpina.ba\/wp-content\/uploads\/2017\/01\/Alpina-COLOR-Buntlack-TI.pdf\">Alpina COLOR Buntlack TI<\/a><\/p>\n<p>&nbsp;<\/p>\n<hr \/>\n<div id=\"attachment_155\" style=\"width: 241px\" class=\"wp-caption alignright\"><img loading=\"lazy\" decoding=\"async\" aria-describedby=\"caption-attachment-155\" data-attachment-id=\"155\" data-permalink=\"https:\/\/alpina.ba\/?attachment_id=155\" data-orig-file=\"https:\/\/i0.wp.com\/alpina.ba\/wp-content\/uploads\/2017\/01\/Alpina-ColorMix-Fu\u00dfboden-Siegel.jpg?fit=305%2C396&amp;ssl=1\" data-orig-size=\"305,396\" data-comments-opened=\"1\" data-image-meta=\"{&quot;aperture&quot;:&quot;0&quot;,&quot;credit&quot;:&quot;&quot;,&quot;camera&quot;:&quot;&quot;,&quot;caption&quot;:&quot;&quot;,&quot;created_timestamp&quot;:&quot;0&quot;,&quot;copyright&quot;:&quot;&quot;,&quot;focal_length&quot;:&quot;0&quot;,&quot;iso&quot;:&quot;0&quot;,&quot;shutter_speed&quot;:&quot;0&quot;,&quot;title&quot;:&quot;&quot;,&quot;orientation&quot;:&quot;0&quot;}\" data-image-title=\"Alpina ColorMix Fu\u00dfboden-Siegel\" data-image-description=\"\" data-image-caption=\"\" data-medium-file=\"https:\/\/i0.wp.com\/alpina.ba\/wp-content\/uploads\/2017\/01\/Alpina-ColorMix-Fu\u00dfboden-Siegel.jpg?fit=231%2C300&amp;ssl=1\" data-large-file=\"https:\/\/i0.wp.com\/alpina.ba\/wp-content\/uploads\/2017\/01\/Alpina-ColorMix-Fu\u00dfboden-Siegel.jpg?fit=305%2C396&amp;ssl=1\" class=\"wp-image-155 size-medium\" src=\"https:\/\/i0.wp.com\/alpina.ba\/wp-content\/uploads\/2017\/01\/Alpina-ColorMix-Fu\u00dfboden-Siegel.jpg?resize=231%2C300\" alt=\"Alpina ColorMix Fu\u00dfboden-Siegel\" width=\"231\" height=\"300\" srcset=\"https:\/\/i0.wp.com\/alpina.ba\/wp-content\/uploads\/2017\/01\/Alpina-ColorMix-Fu\u00dfboden-Siegel.jpg?resize=231%2C300&amp;ssl=1 231w, https:\/\/i0.wp.com\/alpina.ba\/wp-content\/uploads\/2017\/01\/Alpina-ColorMix-Fu\u00dfboden-Siegel.jpg?w=305&amp;ssl=1 305w\" sizes=\"auto, (max-width: 231px) 100vw, 231px\" data-recalc-dims=\"1\" \/><p id=\"caption-attachment-155\" class=\"wp-caption-text\">Alpina ColorMix Fu\u00dfboden-Siegel<\/p><\/div>\n<p><strong>Alpina ColorMix Fu\u00dfboden-Siegel<\/strong><\/p>\n<p>Jednokomponentni disperzivni premaz za mineralne podloge, namijenjen za unutarnje i vanjske (natkrivene) povr\u0161ine. Za nove i renoviraju\u0107e premaze, kao \u0161to su npr. terase, balkoni, spremi\u0161ta i sli\u010dni prostori sa normalnim optere\u0107enjem.<\/p>\n<p><strong>Pakiranje:<\/strong> 0,75 l, 2,5 l<\/p>\n<p><strong>Potro\u0161nja:<\/strong> ca. 200 ml\/m\u00b2<\/p>\n<p><a href=\"http:\/\/alpina.ba\/wp-content\/uploads\/2017\/01\/Alpina-COLOR-Fussboden-Siegel-TI.pdf\">Alpina COLOR Fussboden-Siegel TI<\/a><\/p>\n<hr \/>\n<p>&nbsp;<\/p>\n","protected":false},"excerpt":{"rendered":"<p>Alpina Uni-Primer Temeljni premaz za unutarnje, vanjske i zapunjuju\u0107e premaze koji dobro ve\u017ee. Pogodan za drvo, metal, lesonit i ivericu, kao i za nosive stare premaze. Brzo se su\u0161i i mo\u017ee se univerzalno premazivati. Potro\u0161nja: ca. 100 ml\/m\u00b2 &nbsp; Alpina &hellip; <a href=\"https:\/\/alpina.ba\/?page_id=16\">Nastavi \u010ditati <span class=\"meta-nav\">&rarr;<\/span><\/a><\/p>\n","protected":false},"author":1,"featured_media":0,"parent":0,"menu_order":0,"comment_status":"closed","ping_status":"closed","template":"","meta":{"jetpack_post_was_ever_published":false,"footnotes":""},"class_list":["post-16","page","type-page","status-publish","hentry"],"jetpack_sharing_enabled":true,"jetpack_shortlink":"https:\/\/wp.me\/P8kWeJ-g","jetpack-related-posts":[{"id":10,"url":"https:\/\/alpina.ba\/?page_id=10","url_meta":{"origin":16,"position":0},"title":"Temeljni premazi","date":"26\/01\/2017","format":false,"excerpt":"Alpina Expert Unigrund Sredstvo za grundiranje, bez otapala, namijenjeno za izjedna\u010davanje upojnosti podloge. Posebno je pogodan za sve unutarnje i vanjske upojne, osipaju\u0107e i kredaste podloge kao \u0161to su zid, \u017ebuke, beton, Ytong, gips-kartonske plo\u010de. Pripremljen za upotrebu, bez otapala. Pakiranje: 5 l, 10 l Potro\u0161nja: ca. 150\u2013250 g\/m\u00b2 Alpina\u2026","rel":"","context":"Similar post","img":{"alt_text":"","src":"","width":0,"height":0},"classes":[]},{"id":13,"url":"https:\/\/alpina.ba\/?page_id=13","url_meta":{"origin":16,"position":1},"title":"Fasadne boje","date":"26\/01\/2017","format":false,"excerpt":"Alpina Expert Fassadenfarbe Fasadna boja posebno pogodna za nove, nepremazane \u017ebuke kao i prilikom renoviranja na starim premazima koji dobro ve\u017eu te \u010dvrstim, nosivim podlogama. Oja\u010danje siloksanom pru\u017ea optimalnu za\u0161titu od vlage odnosno omogu\u0107ava visoku paropropusnost i dovoljnu propusnost CO2. Pakiranje: Bijela 5 l i 15 l, ColorExpress 4,5 l\u2026","rel":"","context":"Similar post","img":{"alt_text":"","src":"","width":0,"height":0},"classes":[]},{"id":12,"url":"https:\/\/alpina.ba\/?page_id=12","url_meta":{"origin":16,"position":2},"title":"Unutarnje boje","date":"26\/01\/2017","format":false,"excerpt":"Alpinawei\u00df Das Original Alpinawei\u00df Das Original Najprodavanija Europska unutarnja boja! Unutarnja disperzivna boja vrhunske pokrivnosti, najvi\u0161e klase. Namijenjena za premazivanje zidova, izvanredno prikladna za nove unutarnje premaze kao i premaze kod renoviranja unutarnjih prostora. Pakiranje:Potro\u0161nja: 1 l dostatna za ca. 7,5 m\u00b2 Alpinaweiss Das Original TI Alpina Malerweiss Alpina Malerweiss\u2026","rel":"","context":"Similar post","img":{"alt_text":"","src":"https:\/\/i0.wp.com\/alpina.ba\/wp-content\/uploads\/2019\/02\/Alpinaweiss_Das_Original_10L.jpg?resize=350%2C200&ssl=1","width":350,"height":200},"classes":[]},{"id":18,"url":"https:\/\/alpina.ba\/?page_id=18","url_meta":{"origin":16,"position":3},"title":"Ostali proizvodi","date":"26\/01\/2017","format":false,"excerpt":"Alpina Magneto Kreativan dizajn zida sa feromagnetnom bojom: Dizajnirajte zid na koji se lijepe magneti prema va\u0161im idejama i idejama. Osnovna boja Alpina Magneto se nakon su\u0161enja mo\u017ee prefarbati i dizajnirati po \u017eelji. Prakti\u010dni magnetni zidovi u de\u010dijim sobama, kuhinji ili kancelarijama, ordinacijama i sli\u010dno. Lako se mogu farbati. Sa\u2026","rel":"","context":"Similar post","img":{"alt_text":"","src":"","width":0,"height":0},"classes":[]},{"id":38,"url":"https:\/\/alpina.ba\/","url_meta":{"origin":16,"position":4},"title":"Alpina Expert \u2013 100 years of experience","date":"26\/01\/2017","format":false,"excerpt":"Alpina \u2013 najpoznatija \u2018Sam svoj majstor\u2019 boja u Europi Alpina je ve\u0107 desetlje\u0107ima najpoznatija i najprodavanija boja u Njema\u010dkoj, ali dobro prepoznata i u segmentu \u2018Sam svoj majstor\u2019 \u0161irom Europe, zahvaljuju\u0107i svom segmentu boja, lakova i lazura. U ponudi se uz boje, lakove i lazure nalazi i linija proizvoda Alpina\u2026","rel":"","context":"Similar post","img":{"alt_text":"","src":"","width":0,"height":0},"classes":[]},{"id":143,"url":"https:\/\/alpina.ba\/?page_id=143","url_meta":{"origin":16,"position":5},"title":"O nama","date":"04\/02\/2017","format":false,"excerpt":"Alpina \u2013 najpoznatija \u2018Sam svoj majstor\u2019 boja u Europi Alpina je ve\u0107 desetlje\u0107ima najpoznatija i najprodavanija boja u Njema\u010dkoj, ali dobro prepoznata i u segmentu \u2018Sam svoj majstor\u2019 \u0161irom Europe, zahvaljuju\u0107i svom segmentu boja, lakova i lazura. U ponudi se uz boje, lakove i lazure nalazi i linija proizvoda Alpina\u2026","rel":"","context":"Similar post","img":{"alt_text":"","src":"","width":0,"height":0},"classes":[]}],"_links":{"self":[{"href":"https:\/\/alpina.ba\/index.php?rest_route=\/wp\/v2\/pages\/16","targetHints":{"allow":["GET"]}}],"collection":[{"href":"https:\/\/alpina.ba\/index.php?rest_route=\/wp\/v2\/pages"}],"about":[{"href":"https:\/\/alpina.ba\/index.php?rest_route=\/wp\/v2\/types\/page"}],"author":[{"embeddable":true,"href":"https:\/\/alpina.ba\/index.php?rest_route=\/wp\/v2\/users\/1"}],"replies":[{"embeddable":true,"href":"https:\/\/alpina.ba\/index.php?rest_route=%2Fwp%2Fv2%2Fcomments&post=16"}],"version-history":[{"count":7,"href":"https:\/\/alpina.ba\/index.php?rest_route=\/wp\/v2\/pages\/16\/revisions"}],"predecessor-version":[{"id":165,"href":"https:\/\/alpina.ba\/index.php?rest_route=\/wp\/v2\/pages\/16\/revisions\/165"}],"wp:attachment":[{"href":"https:\/\/alpina.ba\/index.php?rest_route=%2Fwp%2Fv2%2Fmedia&parent=16"}],"curies":[{"name":"wp","href":"https:\/\/api.w.org\/{rel}","templated":true}]}}