{"id":17,"date":"2017-01-26T20:50:52","date_gmt":"2017-01-26T19:50:52","guid":{"rendered":"http:\/\/alpina.ba\/?page_id=17"},"modified":"2017-01-27T20:40:38","modified_gmt":"2017-01-27T19:40:38","slug":"lazure","status":"publish","type":"page","link":"https:\/\/alpina.ba\/?page_id=17","title":{"rendered":"Lazure"},"content":{"rendered":"<div id=\"attachment_129\" style=\"width: 260px\" class=\"wp-caption alignright\"><img loading=\"lazy\" decoding=\"async\" aria-describedby=\"caption-attachment-129\" data-attachment-id=\"129\" data-permalink=\"https:\/\/alpina.ba\/?attachment_id=129\" data-orig-file=\"https:\/\/i0.wp.com\/alpina.ba\/wp-content\/uploads\/2017\/01\/Alpina-Express-Grund.jpg?fit=251%2C301&amp;ssl=1\" data-orig-size=\"251,301\" data-comments-opened=\"1\" data-image-meta=\"{&quot;aperture&quot;:&quot;0&quot;,&quot;credit&quot;:&quot;&quot;,&quot;camera&quot;:&quot;&quot;,&quot;caption&quot;:&quot;&quot;,&quot;created_timestamp&quot;:&quot;0&quot;,&quot;copyright&quot;:&quot;&quot;,&quot;focal_length&quot;:&quot;0&quot;,&quot;iso&quot;:&quot;0&quot;,&quot;shutter_speed&quot;:&quot;0&quot;,&quot;title&quot;:&quot;&quot;,&quot;orientation&quot;:&quot;0&quot;}\" data-image-title=\"Alpina-Express-Grund\" data-image-description=\"\" data-image-caption=\"\" data-medium-file=\"https:\/\/i0.wp.com\/alpina.ba\/wp-content\/uploads\/2017\/01\/Alpina-Express-Grund.jpg?fit=250%2C300&amp;ssl=1\" data-large-file=\"https:\/\/i0.wp.com\/alpina.ba\/wp-content\/uploads\/2017\/01\/Alpina-Express-Grund.jpg?fit=251%2C301&amp;ssl=1\" class=\"wp-image-129 size-medium\" src=\"https:\/\/i0.wp.com\/alpina.ba\/wp-content\/uploads\/2017\/01\/Alpina-Express-Grund.jpg?resize=250%2C300\" alt=\"Alpina Expressgrund\" width=\"250\" height=\"300\" srcset=\"https:\/\/i0.wp.com\/alpina.ba\/wp-content\/uploads\/2017\/01\/Alpina-Express-Grund.jpg?resize=250%2C300&amp;ssl=1 250w, https:\/\/i0.wp.com\/alpina.ba\/wp-content\/uploads\/2017\/01\/Alpina-Express-Grund.jpg?w=251&amp;ssl=1 251w\" sizes=\"auto, (max-width: 250px) 100vw, 250px\" data-recalc-dims=\"1\" \/><p id=\"caption-attachment-129\" class=\"wp-caption-text\">Alpina Expressgrund<\/p><\/div>\n<p><strong>Alpina Expressgrund<\/strong><\/p>\n<p>Transparentni temeljni premaz na vodenoj bazi za drvo u vanjskom prostoru. Osigurava ravnomjernu upojnost podloge te je \u010dini boljom za naredne premaze u vanjskom podru\u010dju. Za balkone, oplate pro\u010delja, ograde, pergole, nadstre\u0161nice za automobile, ljepila za drvene spojeve i drvene ku\u0107e.<\/p>\n<p><strong>Pakiranje:<\/strong> 0,75 l, 2,5 l<br \/>\n<strong>Potro\u0161nja:<\/strong> 1 l je dostatna za cca. 10 \u2013 12\u00a0m\u00b2<\/p>\n<p><a href=\"http:\/\/alpina.ba\/wp-content\/uploads\/2017\/01\/Alpina-Expressgrund-TI.pdf\">Alpina Expressgrund TI<\/a><\/p>\n<hr \/>\n<div id=\"attachment_128\" style=\"width: 260px\" class=\"wp-caption alignright\"><img loading=\"lazy\" decoding=\"async\" aria-describedby=\"caption-attachment-128\" data-attachment-id=\"128\" data-permalink=\"https:\/\/alpina.ba\/?attachment_id=128\" data-orig-file=\"https:\/\/i0.wp.com\/alpina.ba\/wp-content\/uploads\/2017\/01\/Alpina-Holzlasur.jpg?fit=251%2C301&amp;ssl=1\" data-orig-size=\"251,301\" data-comments-opened=\"1\" data-image-meta=\"{&quot;aperture&quot;:&quot;0&quot;,&quot;credit&quot;:&quot;&quot;,&quot;camera&quot;:&quot;&quot;,&quot;caption&quot;:&quot;&quot;,&quot;created_timestamp&quot;:&quot;0&quot;,&quot;copyright&quot;:&quot;&quot;,&quot;focal_length&quot;:&quot;0&quot;,&quot;iso&quot;:&quot;0&quot;,&quot;shutter_speed&quot;:&quot;0&quot;,&quot;title&quot;:&quot;&quot;,&quot;orientation&quot;:&quot;0&quot;}\" data-image-title=\"Alpina-Holzlasur\" data-image-description=\"\" data-image-caption=\"\" data-medium-file=\"https:\/\/i0.wp.com\/alpina.ba\/wp-content\/uploads\/2017\/01\/Alpina-Holzlasur.jpg?fit=250%2C300&amp;ssl=1\" data-large-file=\"https:\/\/i0.wp.com\/alpina.ba\/wp-content\/uploads\/2017\/01\/Alpina-Holzlasur.jpg?fit=251%2C301&amp;ssl=1\" class=\"wp-image-128 size-medium\" src=\"https:\/\/i0.wp.com\/alpina.ba\/wp-content\/uploads\/2017\/01\/Alpina-Holzlasur.jpg?resize=250%2C300\" alt=\"Alpina Aqua Holzlasur\" width=\"250\" height=\"300\" srcset=\"https:\/\/i0.wp.com\/alpina.ba\/wp-content\/uploads\/2017\/01\/Alpina-Holzlasur.jpg?resize=250%2C300&amp;ssl=1 250w, https:\/\/i0.wp.com\/alpina.ba\/wp-content\/uploads\/2017\/01\/Alpina-Holzlasur.jpg?w=251&amp;ssl=1 251w\" sizes=\"auto, (max-width: 250px) 100vw, 250px\" data-recalc-dims=\"1\" \/><p id=\"caption-attachment-128\" class=\"wp-caption-text\">Alpina Aqua Holzlasur<\/p><\/div>\n<p><strong>Alpina Aqua Holzlasur<\/strong><\/p>\n<p>Ekolo\u0161ki prihvatljiva tankoslojna lazura na bazi vode za drvo u vanjskom prostoru. Lazura je otporna na atmosferske utjecaje i \u0161titi drvo izvana od vlage i ostalog djelovanja atmosferilija. Alpina Holzlasur je izvanredno prikladna za zidne i stropne obloge, ograde, oplate balkona, ljepila za drvene spojeve i drvene ku\u0107e.<\/p>\n<p><strong>Pakiranje:<\/strong> 0,75 l, 2,5 l<br \/>\n<strong>Potro\u0161nja<\/strong>: 1 l je dostatna za cca. 10 \u2013 12 m\u00b2<\/p>\n<p><a href=\"http:\/\/alpina.ba\/wp-content\/uploads\/2017\/01\/Alpina-Aqua-Holzlasur-TI.pdf\">Alpina Aqua Holzlasur TI<\/a><\/p>\n<p>&nbsp;<\/p>\n<p><img loading=\"lazy\" decoding=\"async\" data-attachment-id=\"127\" data-permalink=\"https:\/\/alpina.ba\/?attachment_id=127\" data-orig-file=\"https:\/\/i0.wp.com\/alpina.ba\/wp-content\/uploads\/2017\/01\/Nijanse-lazure.jpg?fit=768%2C257&amp;ssl=1\" data-orig-size=\"768,257\" data-comments-opened=\"1\" data-image-meta=\"{&quot;aperture&quot;:&quot;0&quot;,&quot;credit&quot;:&quot;&quot;,&quot;camera&quot;:&quot;&quot;,&quot;caption&quot;:&quot;&quot;,&quot;created_timestamp&quot;:&quot;0&quot;,&quot;copyright&quot;:&quot;&quot;,&quot;focal_length&quot;:&quot;0&quot;,&quot;iso&quot;:&quot;0&quot;,&quot;shutter_speed&quot;:&quot;0&quot;,&quot;title&quot;:&quot;&quot;,&quot;orientation&quot;:&quot;0&quot;}\" data-image-title=\"Nijanse-lazure\" data-image-description=\"\" data-image-caption=\"\" data-medium-file=\"https:\/\/i0.wp.com\/alpina.ba\/wp-content\/uploads\/2017\/01\/Nijanse-lazure.jpg?fit=300%2C100&amp;ssl=1\" data-large-file=\"https:\/\/i0.wp.com\/alpina.ba\/wp-content\/uploads\/2017\/01\/Nijanse-lazure.jpg?fit=640%2C214&amp;ssl=1\" class=\"alignnone size-full wp-image-127\" src=\"https:\/\/i0.wp.com\/alpina.ba\/wp-content\/uploads\/2017\/01\/Nijanse-lazure.jpg?resize=640%2C214\" alt=\"\" width=\"640\" height=\"214\" srcset=\"https:\/\/i0.wp.com\/alpina.ba\/wp-content\/uploads\/2017\/01\/Nijanse-lazure.jpg?w=768&amp;ssl=1 768w, https:\/\/i0.wp.com\/alpina.ba\/wp-content\/uploads\/2017\/01\/Nijanse-lazure.jpg?resize=300%2C100&amp;ssl=1 300w\" sizes=\"auto, (max-width: 640px) 100vw, 640px\" data-recalc-dims=\"1\" \/><\/p>\n<hr \/>\n<div id=\"attachment_126\" style=\"width: 260px\" class=\"wp-caption alignright\"><img loading=\"lazy\" decoding=\"async\" aria-describedby=\"caption-attachment-126\" data-attachment-id=\"126\" data-permalink=\"https:\/\/alpina.ba\/?attachment_id=126\" data-orig-file=\"https:\/\/i0.wp.com\/alpina.ba\/wp-content\/uploads\/2017\/01\/Alpina-Terrassenol.jpg?fit=251%2C301&amp;ssl=1\" data-orig-size=\"251,301\" data-comments-opened=\"1\" data-image-meta=\"{&quot;aperture&quot;:&quot;0&quot;,&quot;credit&quot;:&quot;&quot;,&quot;camera&quot;:&quot;&quot;,&quot;caption&quot;:&quot;&quot;,&quot;created_timestamp&quot;:&quot;0&quot;,&quot;copyright&quot;:&quot;&quot;,&quot;focal_length&quot;:&quot;0&quot;,&quot;iso&quot;:&quot;0&quot;,&quot;shutter_speed&quot;:&quot;0&quot;,&quot;title&quot;:&quot;&quot;,&quot;orientation&quot;:&quot;0&quot;}\" data-image-title=\"Alpina-Terrassenol\" data-image-description=\"\" data-image-caption=\"\" data-medium-file=\"https:\/\/i0.wp.com\/alpina.ba\/wp-content\/uploads\/2017\/01\/Alpina-Terrassenol.jpg?fit=250%2C300&amp;ssl=1\" data-large-file=\"https:\/\/i0.wp.com\/alpina.ba\/wp-content\/uploads\/2017\/01\/Alpina-Terrassenol.jpg?fit=251%2C301&amp;ssl=1\" class=\"wp-image-126 size-medium\" src=\"https:\/\/i0.wp.com\/alpina.ba\/wp-content\/uploads\/2017\/01\/Alpina-Terrassenol.jpg?resize=250%2C300\" alt=\"Alpina Terrassen\u00f6l\" width=\"250\" height=\"300\" srcset=\"https:\/\/i0.wp.com\/alpina.ba\/wp-content\/uploads\/2017\/01\/Alpina-Terrassenol.jpg?resize=250%2C300&amp;ssl=1 250w, https:\/\/i0.wp.com\/alpina.ba\/wp-content\/uploads\/2017\/01\/Alpina-Terrassenol.jpg?w=251&amp;ssl=1 251w\" sizes=\"auto, (max-width: 250px) 100vw, 250px\" data-recalc-dims=\"1\" \/><p id=\"caption-attachment-126\" class=\"wp-caption-text\">Alpina Terrassen\u00f6l<\/p><\/div>\n<p><strong>Alpina Terrassen\u00f6l<\/strong><\/p>\n<p>Ulje za drvo na bazi modificiranih prirodnih ulja, topivo u vodi, sa UV za\u0161titom. Prikladno za sve vrste drveta koje je izlo\u017eeno atmosferilijama, poput npr. drvenih terasa, fasadnih oplata, balkona, drvenih ku\u0107a, vrtnog poku\u0107stva itd.<\/p>\n<p><strong>Pakiranje:<\/strong> 0,75 l, 2,5 l<br \/>\n<strong>Potro\u0161nja:<\/strong> 1 l je dostatna za cca. 10 \u2013 14 m\u00b2<\/p>\n<p><a href=\"http:\/\/alpina.ba\/wp-content\/uploads\/2017\/01\/Alpina-Terrassen\u00f6l-TI.pdf\">Alpina Terrassen\u00f6l TI<\/a><\/p>\n<hr \/>\n<div id=\"attachment_125\" style=\"width: 260px\" class=\"wp-caption alignright\"><img loading=\"lazy\" decoding=\"async\" aria-describedby=\"caption-attachment-125\" data-attachment-id=\"125\" data-permalink=\"https:\/\/alpina.ba\/?attachment_id=125\" data-orig-file=\"https:\/\/i0.wp.com\/alpina.ba\/wp-content\/uploads\/2017\/01\/Alpina-TopLasur1.jpg?fit=251%2C301&amp;ssl=1\" data-orig-size=\"251,301\" data-comments-opened=\"1\" data-image-meta=\"{&quot;aperture&quot;:&quot;0&quot;,&quot;credit&quot;:&quot;&quot;,&quot;camera&quot;:&quot;&quot;,&quot;caption&quot;:&quot;&quot;,&quot;created_timestamp&quot;:&quot;0&quot;,&quot;copyright&quot;:&quot;&quot;,&quot;focal_length&quot;:&quot;0&quot;,&quot;iso&quot;:&quot;0&quot;,&quot;shutter_speed&quot;:&quot;0&quot;,&quot;title&quot;:&quot;&quot;,&quot;orientation&quot;:&quot;0&quot;}\" data-image-title=\"Alpina-TopLasur1\" data-image-description=\"\" data-image-caption=\"\" data-medium-file=\"https:\/\/i0.wp.com\/alpina.ba\/wp-content\/uploads\/2017\/01\/Alpina-TopLasur1.jpg?fit=250%2C300&amp;ssl=1\" data-large-file=\"https:\/\/i0.wp.com\/alpina.ba\/wp-content\/uploads\/2017\/01\/Alpina-TopLasur1.jpg?fit=251%2C301&amp;ssl=1\" class=\"wp-image-125 size-medium\" src=\"https:\/\/i0.wp.com\/alpina.ba\/wp-content\/uploads\/2017\/01\/Alpina-TopLasur1.jpg?resize=250%2C300\" alt=\"Alpina Toplasur\" width=\"250\" height=\"300\" srcset=\"https:\/\/i0.wp.com\/alpina.ba\/wp-content\/uploads\/2017\/01\/Alpina-TopLasur1.jpg?resize=250%2C300&amp;ssl=1 250w, https:\/\/i0.wp.com\/alpina.ba\/wp-content\/uploads\/2017\/01\/Alpina-TopLasur1.jpg?w=251&amp;ssl=1 251w\" sizes=\"auto, (max-width: 250px) 100vw, 250px\" data-recalc-dims=\"1\" \/><p id=\"caption-attachment-125\" class=\"wp-caption-text\">Alpina Toplasur<\/p><\/div>\n<p><strong>Alpina Toplasur<\/strong><\/p>\n<p>Ekolo\u0161ki prihvatljiv premaz na bazi vode za drvo u vanjskom prostoru. Gel lazura, otporna na atmosferske utjecaje i \u0161titi drvo od vlage i drugog djelovanja atmosferilija. Izvanredno je prikladna za oplate pro\u010delja, drvene ku\u0107e, zimske vrtove, prozore ili vanjska vrata.<\/p>\n<p><strong>Pakiranje:<\/strong> 0,75 l, 2,5 l<br \/>\n<strong>Potro\u0161nja:<\/strong> 1 l je dostatna za cca. 10 \u2013 12 m\u00b2<\/p>\n<p><a href=\"http:\/\/alpina.ba\/wp-content\/uploads\/2017\/01\/Alpina-Toplasur-TI.pdf\">Alpina Toplasur TI<\/a><\/p>\n<hr \/>\n<p>&nbsp;<\/p>\n","protected":false},"excerpt":{"rendered":"<p>Alpina Expressgrund Transparentni temeljni premaz na vodenoj bazi za drvo u vanjskom prostoru. Osigurava ravnomjernu upojnost podloge te je \u010dini boljom za naredne premaze u vanjskom podru\u010dju. Za balkone, oplate pro\u010delja, ograde, pergole, nadstre\u0161nice za automobile, ljepila za drvene spojeve &hellip; <a href=\"https:\/\/alpina.ba\/?page_id=17\">Nastavi \u010ditati <span class=\"meta-nav\">&rarr;<\/span><\/a><\/p>\n","protected":false},"author":1,"featured_media":0,"parent":0,"menu_order":0,"comment_status":"closed","ping_status":"closed","template":"","meta":{"jetpack_post_was_ever_published":false,"footnotes":""},"class_list":["post-17","page","type-page","status-publish","hentry"],"jetpack_sharing_enabled":true,"jetpack_shortlink":"https:\/\/wp.me\/P8kWeJ-h","jetpack-related-posts":[{"id":10,"url":"https:\/\/alpina.ba\/?page_id=10","url_meta":{"origin":17,"position":0},"title":"Temeljni premazi","date":"26\/01\/2017","format":false,"excerpt":"Alpina Expert Unigrund Sredstvo za grundiranje, bez otapala, namijenjeno za izjedna\u010davanje upojnosti podloge. Posebno je pogodan za sve unutarnje i vanjske upojne, osipaju\u0107e i kredaste podloge kao \u0161to su zid, \u017ebuke, beton, Ytong, gips-kartonske plo\u010de. Pripremljen za upotrebu, bez otapala. Pakiranje: 5 l, 10 l Potro\u0161nja: ca. 150\u2013250 g\/m\u00b2 Alpina\u2026","rel":"","context":"Similar post","img":{"alt_text":"","src":"","width":0,"height":0},"classes":[]},{"id":12,"url":"https:\/\/alpina.ba\/?page_id=12","url_meta":{"origin":17,"position":1},"title":"Unutarnje boje","date":"26\/01\/2017","format":false,"excerpt":"Alpinawei\u00df Das Original Alpinawei\u00df Das Original Najprodavanija Europska unutarnja boja! Unutarnja disperzivna boja vrhunske pokrivnosti, najvi\u0161e klase. Namijenjena za premazivanje zidova, izvanredno prikladna za nove unutarnje premaze kao i premaze kod renoviranja unutarnjih prostora. Pakiranje:Potro\u0161nja: 1 l dostatna za ca. 7,5 m\u00b2 Alpinaweiss Das Original TI Alpina Malerweiss Alpina Malerweiss\u2026","rel":"","context":"Similar post","img":{"alt_text":"","src":"https:\/\/i0.wp.com\/alpina.ba\/wp-content\/uploads\/2019\/02\/Alpinaweiss_Das_Original_10L.jpg?resize=350%2C200&ssl=1","width":350,"height":200},"classes":[]},{"id":16,"url":"https:\/\/alpina.ba\/?page_id=16","url_meta":{"origin":17,"position":2},"title":"Lakovi","date":"26\/01\/2017","format":false,"excerpt":"Alpina Uni-Primer Temeljni premaz za unutarnje, vanjske i zapunjuju\u0107e premaze koji dobro ve\u017ee. Pogodan za drvo, metal, lesonit i ivericu, kao i za nosive stare premaze. Brzo se su\u0161i i mo\u017ee se univerzalno premazivati. Potro\u0161nja: ca. 100 ml\/m\u00b2 \u00a0 Alpina Uni Primer TI \u00a0 Alpina\u00a0Direkt auf Rost Za\u0161titni lak za\u2026","rel":"","context":"Similar post","img":{"alt_text":"","src":"","width":0,"height":0},"classes":[]},{"id":15,"url":"https:\/\/alpina.ba\/?page_id=15","url_meta":{"origin":17,"position":3},"title":"Zavr\u0161ne \u017ebuke","date":"26\/01\/2017","format":false,"excerpt":"Alpina Expert Strukturputz Strukturna \u017ebuka na bazi umjetne smole za fasadne povr\u0161ine i kao zavr\u0161ni sloj u povezanim sustavima za toplinsku izolaciju. Pakiranje: 25 kg Potro\u0161nja: ovisno o veli\u010dini zrna Granulacija: 1,0 mm, 1,5 mm, 2,0 mm Alpina Expert Strukturputz TI Alpina Expert Rillenputz Strukturna \u017ebuka \u017eljebaste (vu\u010dene) strukture na\u2026","rel":"","context":"Similar post","img":{"alt_text":"","src":"","width":0,"height":0},"classes":[]},{"id":13,"url":"https:\/\/alpina.ba\/?page_id=13","url_meta":{"origin":17,"position":4},"title":"Fasadne boje","date":"26\/01\/2017","format":false,"excerpt":"Alpina Expert Fassadenfarbe Fasadna boja posebno pogodna za nove, nepremazane \u017ebuke kao i prilikom renoviranja na starim premazima koji dobro ve\u017eu te \u010dvrstim, nosivim podlogama. Oja\u010danje siloksanom pru\u017ea optimalnu za\u0161titu od vlage odnosno omogu\u0107ava visoku paropropusnost i dovoljnu propusnost CO2. Pakiranje: Bijela 5 l i 15 l, ColorExpress 4,5 l\u2026","rel":"","context":"Similar post","img":{"alt_text":"","src":"","width":0,"height":0},"classes":[]},{"id":18,"url":"https:\/\/alpina.ba\/?page_id=18","url_meta":{"origin":17,"position":5},"title":"Ostali proizvodi","date":"26\/01\/2017","format":false,"excerpt":"Alpina Magneto Kreativan dizajn zida sa feromagnetnom bojom: Dizajnirajte zid na koji se lijepe magneti prema va\u0161im idejama i idejama. Osnovna boja Alpina Magneto se nakon su\u0161enja mo\u017ee prefarbati i dizajnirati po \u017eelji. Prakti\u010dni magnetni zidovi u de\u010dijim sobama, kuhinji ili kancelarijama, ordinacijama i sli\u010dno. Lako se mogu farbati. Sa\u2026","rel":"","context":"Similar post","img":{"alt_text":"","src":"","width":0,"height":0},"classes":[]}],"_links":{"self":[{"href":"https:\/\/alpina.ba\/index.php?rest_route=\/wp\/v2\/pages\/17","targetHints":{"allow":["GET"]}}],"collection":[{"href":"https:\/\/alpina.ba\/index.php?rest_route=\/wp\/v2\/pages"}],"about":[{"href":"https:\/\/alpina.ba\/index.php?rest_route=\/wp\/v2\/types\/page"}],"author":[{"embeddable":true,"href":"https:\/\/alpina.ba\/index.php?rest_route=\/wp\/v2\/users\/1"}],"replies":[{"embeddable":true,"href":"https:\/\/alpina.ba\/index.php?rest_route=%2Fwp%2Fv2%2Fcomments&post=17"}],"version-history":[{"count":3,"href":"https:\/\/alpina.ba\/index.php?rest_route=\/wp\/v2\/pages\/17\/revisions"}],"predecessor-version":[{"id":130,"href":"https:\/\/alpina.ba\/index.php?rest_route=\/wp\/v2\/pages\/17\/revisions\/130"}],"wp:attachment":[{"href":"https:\/\/alpina.ba\/index.php?rest_route=%2Fwp%2Fv2%2Fmedia&parent=17"}],"curies":[{"name":"wp","href":"https:\/\/api.w.org\/{rel}","templated":true}]}}