{"id":18,"date":"2017-01-26T20:50:52","date_gmt":"2017-01-26T19:50:52","guid":{"rendered":"http:\/\/alpina.ba\/?page_id=18"},"modified":"2022-11-07T14:06:40","modified_gmt":"2022-11-07T13:06:40","slug":"ostali-proizvodi","status":"publish","type":"page","link":"https:\/\/alpina.ba\/?page_id=18","title":{"rendered":"Ostali proizvodi"},"content":{"rendered":"<p style=\"text-align: right;\"><img loading=\"lazy\" decoding=\"async\" data-attachment-id=\"262\" data-permalink=\"https:\/\/alpina.ba\/?attachment_id=262\" data-orig-file=\"https:\/\/i0.wp.com\/alpina.ba\/wp-content\/uploads\/2022\/11\/alpina-magneto-grundfarbe-silbergrau-1-liter-wa308180_wa308180_1_20210511164442.jpg?fit=1080%2C1080&amp;ssl=1\" data-orig-size=\"1080,1080\" data-comments-opened=\"1\" data-image-meta=\"{&quot;aperture&quot;:&quot;0&quot;,&quot;credit&quot;:&quot;&quot;,&quot;camera&quot;:&quot;&quot;,&quot;caption&quot;:&quot;&quot;,&quot;created_timestamp&quot;:&quot;0&quot;,&quot;copyright&quot;:&quot;&quot;,&quot;focal_length&quot;:&quot;0&quot;,&quot;iso&quot;:&quot;0&quot;,&quot;shutter_speed&quot;:&quot;0&quot;,&quot;title&quot;:&quot;&quot;,&quot;orientation&quot;:&quot;0&quot;}\" data-image-title=\"alpina-magneto-grundfarbe-silbergrau-1-liter-wa308180_wa308180_1_20210511164442\" data-image-description=\"\" data-image-caption=\"\" data-medium-file=\"https:\/\/i0.wp.com\/alpina.ba\/wp-content\/uploads\/2022\/11\/alpina-magneto-grundfarbe-silbergrau-1-liter-wa308180_wa308180_1_20210511164442.jpg?fit=300%2C300&amp;ssl=1\" data-large-file=\"https:\/\/i0.wp.com\/alpina.ba\/wp-content\/uploads\/2022\/11\/alpina-magneto-grundfarbe-silbergrau-1-liter-wa308180_wa308180_1_20210511164442.jpg?fit=640%2C640&amp;ssl=1\" class=\"alignnone wp-image-262 size-medium\" src=\"https:\/\/i0.wp.com\/alpina.ba\/wp-content\/uploads\/2022\/11\/alpina-magneto-grundfarbe-silbergrau-1-liter-wa308180_wa308180_1_20210511164442.jpg?resize=300%2C300\" alt=\"\" width=\"300\" height=\"300\" srcset=\"https:\/\/i0.wp.com\/alpina.ba\/wp-content\/uploads\/2022\/11\/alpina-magneto-grundfarbe-silbergrau-1-liter-wa308180_wa308180_1_20210511164442.jpg?resize=300%2C300&amp;ssl=1 300w, https:\/\/i0.wp.com\/alpina.ba\/wp-content\/uploads\/2022\/11\/alpina-magneto-grundfarbe-silbergrau-1-liter-wa308180_wa308180_1_20210511164442.jpg?resize=1024%2C1024&amp;ssl=1 1024w, https:\/\/i0.wp.com\/alpina.ba\/wp-content\/uploads\/2022\/11\/alpina-magneto-grundfarbe-silbergrau-1-liter-wa308180_wa308180_1_20210511164442.jpg?resize=150%2C150&amp;ssl=1 150w, https:\/\/i0.wp.com\/alpina.ba\/wp-content\/uploads\/2022\/11\/alpina-magneto-grundfarbe-silbergrau-1-liter-wa308180_wa308180_1_20210511164442.jpg?resize=768%2C768&amp;ssl=1 768w, https:\/\/i0.wp.com\/alpina.ba\/wp-content\/uploads\/2022\/11\/alpina-magneto-grundfarbe-silbergrau-1-liter-wa308180_wa308180_1_20210511164442.jpg?w=1080&amp;ssl=1 1080w\" sizes=\"auto, (max-width: 300px) 100vw, 300px\" data-recalc-dims=\"1\" \/><\/p>\n<p><strong>Alpina Magneto<\/strong><\/p>\n<p>Kreativan dizajn zida sa feromagnetnom bojom: Dizajnirajte zid na koji se lijepe magneti prema va\u0161im idejama i idejama. Osnovna boja Alpina Magneto se nakon su\u0161enja mo\u017ee prefarbati i dizajnirati po \u017eelji.<\/p>\n<p>Prakti\u010dni magnetni zidovi u de\u010dijim sobama, kuhinji ili kancelarijama, ordinacijama i sli\u010dno. Lako se mogu farbati.<br \/>\nSa ovom magnetnom plo\u010dom kreirate brz i promjenjiv na\u010din pri\u010dvr\u0161\u0107ivanja va\u017enih stvari na zidove, npr. informacija, fotografija, kartica, crte\u017ea, ulaznica, recepata, postera &#8211; sve \u0161to \u017eelite.<\/p>\n<p><b>Svojstva<\/b><br \/>\nMo\u017ee se razrijediti vodom, ima malo mirisa i ekolo\u0161ki je prihvatljiv, sposoban za difuziju.\u00a0Jednostavan za obradu, jak i pogodan za ribanje.<\/p>\n<p><strong>Pakiranje:<\/strong> 1 kg Grundfarbe<br \/>\n<strong>Potro\u0161nja:<\/strong> Grundfarbe ca. 0,5 l\/m\u00b2<\/p>\n<p><a href=\"http:\/\/alpina.ba\/wp-content\/uploads\/2017\/01\/Alpina-Magneto-Grundfarbe-TI.pdf\">Alpina Magneto Grundfarbe TI<\/a><\/p>\n<hr \/>\n","protected":false},"excerpt":{"rendered":"<p>Alpina Magneto Kreativan dizajn zida sa feromagnetnom bojom: Dizajnirajte zid na koji se lijepe magneti prema va\u0161im idejama i idejama. Osnovna boja Alpina Magneto se nakon su\u0161enja mo\u017ee prefarbati i dizajnirati po \u017eelji. Prakti\u010dni magnetni zidovi u de\u010dijim sobama, kuhinji &hellip; <a href=\"https:\/\/alpina.ba\/?page_id=18\">Nastavi \u010ditati <span class=\"meta-nav\">&rarr;<\/span><\/a><\/p>\n","protected":false},"author":1,"featured_media":0,"parent":0,"menu_order":0,"comment_status":"closed","ping_status":"closed","template":"","meta":{"jetpack_post_was_ever_published":false,"footnotes":""},"class_list":["post-18","page","type-page","status-publish","hentry"],"jetpack_sharing_enabled":true,"jetpack_shortlink":"https:\/\/wp.me\/P8kWeJ-i","jetpack-related-posts":[{"id":16,"url":"https:\/\/alpina.ba\/?page_id=16","url_meta":{"origin":18,"position":0},"title":"Lakovi","date":"26\/01\/2017","format":false,"excerpt":"Alpina Uni-Primer Temeljni premaz za unutarnje, vanjske i zapunjuju\u0107e premaze koji dobro ve\u017ee. Pogodan za drvo, metal, lesonit i ivericu, kao i za nosive stare premaze. Brzo se su\u0161i i mo\u017ee se univerzalno premazivati. Potro\u0161nja: ca. 100 ml\/m\u00b2 \u00a0 Alpina Uni Primer TI \u00a0 Alpina\u00a0Direkt auf Rost Za\u0161titni lak za\u2026","rel":"","context":"Similar post","img":{"alt_text":"","src":"","width":0,"height":0},"classes":[]},{"id":17,"url":"https:\/\/alpina.ba\/?page_id=17","url_meta":{"origin":18,"position":1},"title":"Lazure","date":"26\/01\/2017","format":false,"excerpt":"Alpina Expressgrund Transparentni temeljni premaz na vodenoj bazi za drvo u vanjskom prostoru. Osigurava ravnomjernu upojnost podloge te je \u010dini boljom za naredne premaze u vanjskom podru\u010dju. Za balkone, oplate pro\u010delja, ograde, pergole, nadstre\u0161nice za automobile, ljepila za drvene spojeve i drvene ku\u0107e. Pakiranje: 0,75 l, 2,5 l Potro\u0161nja: 1\u2026","rel":"","context":"Similar post","img":{"alt_text":"","src":"","width":0,"height":0},"classes":[]},{"id":12,"url":"https:\/\/alpina.ba\/?page_id=12","url_meta":{"origin":18,"position":2},"title":"Unutarnje boje","date":"26\/01\/2017","format":false,"excerpt":"Alpinawei\u00df Das Original Alpinawei\u00df Das Original Najprodavanija Europska unutarnja boja! Unutarnja disperzivna boja vrhunske pokrivnosti, najvi\u0161e klase. Namijenjena za premazivanje zidova, izvanredno prikladna za nove unutarnje premaze kao i premaze kod renoviranja unutarnjih prostora. Pakiranje:Potro\u0161nja: 1 l dostatna za ca. 7,5 m\u00b2 Alpinaweiss Das Original TI Alpina Malerweiss Alpina Malerweiss\u2026","rel":"","context":"Similar post","img":{"alt_text":"","src":"https:\/\/i0.wp.com\/alpina.ba\/wp-content\/uploads\/2019\/02\/Alpinaweiss_Das_Original_10L.jpg?resize=350%2C200&ssl=1","width":350,"height":200},"classes":[]},{"id":15,"url":"https:\/\/alpina.ba\/?page_id=15","url_meta":{"origin":18,"position":3},"title":"Zavr\u0161ne \u017ebuke","date":"26\/01\/2017","format":false,"excerpt":"Alpina Expert Strukturputz Strukturna \u017ebuka na bazi umjetne smole za fasadne povr\u0161ine i kao zavr\u0161ni sloj u povezanim sustavima za toplinsku izolaciju. Pakiranje: 25 kg Potro\u0161nja: ovisno o veli\u010dini zrna Granulacija: 1,0 mm, 1,5 mm, 2,0 mm Alpina Expert Strukturputz TI Alpina Expert Rillenputz Strukturna \u017ebuka \u017eljebaste (vu\u010dene) strukture na\u2026","rel":"","context":"Similar post","img":{"alt_text":"","src":"","width":0,"height":0},"classes":[]},{"id":14,"url":"https:\/\/alpina.ba\/?page_id=14","url_meta":{"origin":18,"position":4},"title":"Ljepila, armirne i glet mase","date":"26\/01\/2017","format":false,"excerpt":"Alpina Expert Baukleber Baukleber je mineralni cementno-vapneni suhi mort na bazi modificirane umjetne smole univerzalne primjene, kao i za lijepljenje EPS-fasadnih izolacijskih plo\u010da i kamene vune. Pakiranje: 25 kgPotro\u0161nja: lijepljenje: ca. 3-5 kg\/m\u00b2 Alpina Expert Baukleber TI \u00a0 Alpina Expert Klebespachtel Ljepilo i masa za gletanje za povezane sustave za\u2026","rel":"","context":"Similar post","img":{"alt_text":"","src":"","width":0,"height":0},"classes":[]},{"id":13,"url":"https:\/\/alpina.ba\/?page_id=13","url_meta":{"origin":18,"position":5},"title":"Fasadne boje","date":"26\/01\/2017","format":false,"excerpt":"Alpina Expert Fassadenfarbe Fasadna boja posebno pogodna za nove, nepremazane \u017ebuke kao i prilikom renoviranja na starim premazima koji dobro ve\u017eu te \u010dvrstim, nosivim podlogama. Oja\u010danje siloksanom pru\u017ea optimalnu za\u0161titu od vlage odnosno omogu\u0107ava visoku paropropusnost i dovoljnu propusnost CO2. Pakiranje: Bijela 5 l i 15 l, ColorExpress 4,5 l\u2026","rel":"","context":"Similar post","img":{"alt_text":"","src":"","width":0,"height":0},"classes":[]}],"_links":{"self":[{"href":"https:\/\/alpina.ba\/index.php?rest_route=\/wp\/v2\/pages\/18","targetHints":{"allow":["GET"]}}],"collection":[{"href":"https:\/\/alpina.ba\/index.php?rest_route=\/wp\/v2\/pages"}],"about":[{"href":"https:\/\/alpina.ba\/index.php?rest_route=\/wp\/v2\/types\/page"}],"author":[{"embeddable":true,"href":"https:\/\/alpina.ba\/index.php?rest_route=\/wp\/v2\/users\/1"}],"replies":[{"embeddable":true,"href":"https:\/\/alpina.ba\/index.php?rest_route=%2Fwp%2Fv2%2Fcomments&post=18"}],"version-history":[{"count":9,"href":"https:\/\/alpina.ba\/index.php?rest_route=\/wp\/v2\/pages\/18\/revisions"}],"predecessor-version":[{"id":270,"href":"https:\/\/alpina.ba\/index.php?rest_route=\/wp\/v2\/pages\/18\/revisions\/270"}],"wp:attachment":[{"href":"https:\/\/alpina.ba\/index.php?rest_route=%2Fwp%2Fv2%2Fmedia&parent=18"}],"curies":[{"name":"wp","href":"https:\/\/api.w.org\/{rel}","templated":true}]}}