{"id":38,"date":"2017-01-26T21:18:08","date_gmt":"2017-01-26T20:18:08","guid":{"rendered":"http:\/\/alpina.ba\/?page_id=38"},"modified":"2019-01-29T20:30:36","modified_gmt":"2019-01-29T19:30:36","slug":"alpina-expert-100-years-of-experience","status":"publish","type":"page","link":"https:\/\/alpina.ba\/","title":{"rendered":"Alpina Expert \u2013 100 years of experience"},"content":{"rendered":"<p><strong>Alpina \u2013 najpoznatija \u2018Sam svoj majstor\u2019 boja u Europi<\/strong><\/p>\n<p><img loading=\"lazy\" decoding=\"async\" data-attachment-id=\"214\" data-permalink=\"https:\/\/alpina.ba\/?attachment_id=214\" data-orig-file=\"https:\/\/i0.wp.com\/alpina.ba\/wp-content\/uploads\/2019\/01\/Alpinaweiss-Das-Orginal-cover.jpg?fit=960%2C619&amp;ssl=1\" data-orig-size=\"960,619\" data-comments-opened=\"1\" data-image-meta=\"{&quot;aperture&quot;:&quot;0&quot;,&quot;credit&quot;:&quot;&quot;,&quot;camera&quot;:&quot;&quot;,&quot;caption&quot;:&quot;&quot;,&quot;created_timestamp&quot;:&quot;0&quot;,&quot;copyright&quot;:&quot;&quot;,&quot;focal_length&quot;:&quot;0&quot;,&quot;iso&quot;:&quot;0&quot;,&quot;shutter_speed&quot;:&quot;0&quot;,&quot;title&quot;:&quot;&quot;,&quot;orientation&quot;:&quot;0&quot;}\" data-image-title=\"Alpinaweiss Das Orginal cover\" data-image-description=\"\" data-image-caption=\"\" data-medium-file=\"https:\/\/i0.wp.com\/alpina.ba\/wp-content\/uploads\/2019\/01\/Alpinaweiss-Das-Orginal-cover.jpg?fit=300%2C193&amp;ssl=1\" data-large-file=\"https:\/\/i0.wp.com\/alpina.ba\/wp-content\/uploads\/2019\/01\/Alpinaweiss-Das-Orginal-cover.jpg?fit=640%2C413&amp;ssl=1\" class=\" wp-image-214 aligncenter\" src=\"https:\/\/i0.wp.com\/alpina.ba\/wp-content\/uploads\/2019\/01\/Alpinaweiss-Das-Orginal-cover.jpg?resize=392%2C252\" alt=\"\" width=\"392\" height=\"252\" srcset=\"https:\/\/i0.wp.com\/alpina.ba\/wp-content\/uploads\/2019\/01\/Alpinaweiss-Das-Orginal-cover.jpg?resize=300%2C193&amp;ssl=1 300w, https:\/\/i0.wp.com\/alpina.ba\/wp-content\/uploads\/2019\/01\/Alpinaweiss-Das-Orginal-cover.jpg?resize=768%2C495&amp;ssl=1 768w, https:\/\/i0.wp.com\/alpina.ba\/wp-content\/uploads\/2019\/01\/Alpinaweiss-Das-Orginal-cover.jpg?w=960&amp;ssl=1 960w\" sizes=\"auto, (max-width: 392px) 100vw, 392px\" data-recalc-dims=\"1\" \/><\/p>\n<p>Alpina je ve\u0107 desetlje\u0107ima najpoznatija i najprodavanija boja u Njema\u010dkoj, ali dobro prepoznata i u segmentu \u2018Sam svoj majstor\u2019 \u0161irom Europe, zahvaljuju\u0107i svom segmentu boja, lakova i lazura. U ponudi se uz boje, lakove i lazure nalazi i linija proizvoda Alpina Expert koja obuhvatasve \u0161to je potrebno za obnovu fasade Va\u0161eg doma.<\/p>\n<p><strong>5 vrijednosti<\/strong> koje karakteriziraju Alpinu i izuzetno su va\u017ene, su:<\/p>\n<p><strong>Kvaliteta<\/strong> \u2013 Milijuni ljudi nam svakodnevno poklanjaju svoje povjerenje kako bi zajedno oblikovali prostor njihovog doma te je stoga na\u0161a du\u017enost uvijek iznova biti na vis ini tog zadatka i svojim proizvodima uvijek zadovoljavati najvi\u0161e standarde kvalitete. Pomno odabrani i ispitani sastojci umije\u0161ani po posebnim sofisticiranim recepturama omogu\u0107uju nam da se lako nosimo sa ovim zahtjevom i vode nas do savr\u0161enog kona\u010dnog rezultata.<\/p>\n<p><strong>Stru\u010dnost<\/strong> \u2013 Ponosni smo na na\u0161e dugogodi\u0161nje iskustvo i jedinstvenu stru\u010dnog na\u0161eg osoblja u odjelu za istra\u017eivanje i razvoj. Proizvode razvijamo tako da njihova upotreba jednostavna svakom pojedincu bez obveznog tehni\u010dkog znanja. Na\u0161 dizajn studio stvara vode\u0107e trendove u odabiru tonova za svakodnevne prostore stvaraju\u0107i brojne inspiriraju\u0107e koncepte za oblikovanje prostora. Alpina je stru\u010dan partner koji \u0107e Vam pomo\u0107i prona\u0107i upravo ono \u0161to Vam je potrebno.<\/p>\n<p><strong>Zdravlje<\/strong> \u2013 Od davnih dana naglasak Alpininih vrijednosti uz visoku kvalitetu zasigurno je na brizi o okoli\u0161u i o\u010duvanju zdravlja svakog pojedinca. Alpina je imala zna\u010dajnu ulogu u promociji unutarnjih boja bez otapala. 2001. Alpina je patentirala prvu disperzivnu boju bez konzervansa i time zaslu\u017eila dugogodi\u0161nje vodstvo u tehni\u010dkom razvoju proizvoda.<\/p>\n<p><strong>Inovativnost<\/strong>\u2013 Inovacije su kod nas dio tradicije. Jo\u0161 po\u010detkom pro\u0161log stolje\u0107a postignuto je da se prah od kojeg se stvara boja otapa i u hladnoj, a ne samo toploj vodi. Inovativnost kod nas pro\u017eima kompletan proizvod, od sastojka do njegovog pakiranja. Tako je npr. ve\u0107 1988. godine razvijeno prvo eko-pakiranje sposobno za recikliranje dok je 2003. godine predstavljen izuzetno prakti\u010dan i lagan EasyPak.<\/p>\n<p><strong>Pouzdanost<\/strong> \u2013 Konstantna pouzdanost Alpine kao i mnogobrojne nagrade za kvalitetu proizvoda zasigurno proizlaze iz \u010dinjenice da je Alpina obiteljsko preduze\u0107e ve\u0107 5. generaciju zaredom. Pitanje odr\u017eivosti misao je vodilja, kako Alpininog, tako i poslovanja mati\u010dnog poduze\u0107a DAW koji je najve\u0107i privatni proizvo\u0111a\u010d gra\u0111evinskih premaza u Europi.<\/p>\n","protected":false},"excerpt":{"rendered":"<p>Alpina \u2013 najpoznatija \u2018Sam svoj majstor\u2019 boja u Europi Alpina je ve\u0107 desetlje\u0107ima najpoznatija i najprodavanija boja u Njema\u010dkoj, ali dobro prepoznata i u segmentu \u2018Sam svoj majstor\u2019 \u0161irom Europe, zahvaljuju\u0107i svom segmentu boja, lakova i lazura. U ponudi se &hellip; <a href=\"https:\/\/alpina.ba\/\">Nastavi \u010ditati <span class=\"meta-nav\">&rarr;<\/span><\/a><\/p>\n","protected":false},"author":1,"featured_media":0,"parent":0,"menu_order":0,"comment_status":"closed","ping_status":"closed","template":"","meta":{"jetpack_post_was_ever_published":false,"footnotes":""},"class_list":["post-38","page","type-page","status-publish","hentry"],"jetpack_sharing_enabled":true,"jetpack_shortlink":"https:\/\/wp.me\/P8kWeJ-C","jetpack-related-posts":[{"id":143,"url":"https:\/\/alpina.ba\/?page_id=143","url_meta":{"origin":38,"position":0},"title":"O nama","date":"04\/02\/2017","format":false,"excerpt":"Alpina \u2013 najpoznatija \u2018Sam svoj majstor\u2019 boja u Europi Alpina je ve\u0107 desetlje\u0107ima najpoznatija i najprodavanija boja u Njema\u010dkoj, ali dobro prepoznata i u segmentu \u2018Sam svoj majstor\u2019 \u0161irom Europe, zahvaljuju\u0107i svom segmentu boja, lakova i lazura. U ponudi se uz boje, lakove i lazure nalazi i linija proizvoda Alpina\u2026","rel":"","context":"Similar post","img":{"alt_text":"","src":"","width":0,"height":0},"classes":[]},{"id":12,"url":"https:\/\/alpina.ba\/?page_id=12","url_meta":{"origin":38,"position":1},"title":"Unutarnje boje","date":"26\/01\/2017","format":false,"excerpt":"Alpinawei\u00df Das Original Alpinawei\u00df Das Original Najprodavanija Europska unutarnja boja! Unutarnja disperzivna boja vrhunske pokrivnosti, najvi\u0161e klase. Namijenjena za premazivanje zidova, izvanredno prikladna za nove unutarnje premaze kao i premaze kod renoviranja unutarnjih prostora. Pakiranje:Potro\u0161nja: 1 l dostatna za ca. 7,5 m\u00b2 Alpinaweiss Das Original TI Alpina Malerweiss Alpina Malerweiss\u2026","rel":"","context":"Similar post","img":{"alt_text":"","src":"https:\/\/i0.wp.com\/alpina.ba\/wp-content\/uploads\/2019\/02\/Alpinaweiss_Das_Original_10L.jpg?resize=350%2C200&ssl=1","width":350,"height":200},"classes":[]},{"id":13,"url":"https:\/\/alpina.ba\/?page_id=13","url_meta":{"origin":38,"position":2},"title":"Fasadne boje","date":"26\/01\/2017","format":false,"excerpt":"Alpina Expert Fassadenfarbe Fasadna boja posebno pogodna za nove, nepremazane \u017ebuke kao i prilikom renoviranja na starim premazima koji dobro ve\u017eu te \u010dvrstim, nosivim podlogama. Oja\u010danje siloksanom pru\u017ea optimalnu za\u0161titu od vlage odnosno omogu\u0107ava visoku paropropusnost i dovoljnu propusnost CO2. Pakiranje: Bijela 5 l i 15 l, ColorExpress 4,5 l\u2026","rel":"","context":"Similar post","img":{"alt_text":"","src":"","width":0,"height":0},"classes":[]},{"id":18,"url":"https:\/\/alpina.ba\/?page_id=18","url_meta":{"origin":38,"position":3},"title":"Ostali proizvodi","date":"26\/01\/2017","format":false,"excerpt":"Alpina Magneto Kreativan dizajn zida sa feromagnetnom bojom: Dizajnirajte zid na koji se lijepe magneti prema va\u0161im idejama i idejama. Osnovna boja Alpina Magneto se nakon su\u0161enja mo\u017ee prefarbati i dizajnirati po \u017eelji. Prakti\u010dni magnetni zidovi u de\u010dijim sobama, kuhinji ili kancelarijama, ordinacijama i sli\u010dno. Lako se mogu farbati. Sa\u2026","rel":"","context":"Similar post","img":{"alt_text":"","src":"","width":0,"height":0},"classes":[]},{"id":15,"url":"https:\/\/alpina.ba\/?page_id=15","url_meta":{"origin":38,"position":4},"title":"Zavr\u0161ne \u017ebuke","date":"26\/01\/2017","format":false,"excerpt":"Alpina Expert Strukturputz Strukturna \u017ebuka na bazi umjetne smole za fasadne povr\u0161ine i kao zavr\u0161ni sloj u povezanim sustavima za toplinsku izolaciju. Pakiranje: 25 kg Potro\u0161nja: ovisno o veli\u010dini zrna Granulacija: 1,0 mm, 1,5 mm, 2,0 mm Alpina Expert Strukturputz TI Alpina Expert Rillenputz Strukturna \u017ebuka \u017eljebaste (vu\u010dene) strukture na\u2026","rel":"","context":"Similar post","img":{"alt_text":"","src":"","width":0,"height":0},"classes":[]},{"id":17,"url":"https:\/\/alpina.ba\/?page_id=17","url_meta":{"origin":38,"position":5},"title":"Lazure","date":"26\/01\/2017","format":false,"excerpt":"Alpina Expressgrund Transparentni temeljni premaz na vodenoj bazi za drvo u vanjskom prostoru. Osigurava ravnomjernu upojnost podloge te je \u010dini boljom za naredne premaze u vanjskom podru\u010dju. Za balkone, oplate pro\u010delja, ograde, pergole, nadstre\u0161nice za automobile, ljepila za drvene spojeve i drvene ku\u0107e. Pakiranje: 0,75 l, 2,5 l Potro\u0161nja: 1\u2026","rel":"","context":"Similar post","img":{"alt_text":"","src":"","width":0,"height":0},"classes":[]}],"_links":{"self":[{"href":"https:\/\/alpina.ba\/index.php?rest_route=\/wp\/v2\/pages\/38","targetHints":{"allow":["GET"]}}],"collection":[{"href":"https:\/\/alpina.ba\/index.php?rest_route=\/wp\/v2\/pages"}],"about":[{"href":"https:\/\/alpina.ba\/index.php?rest_route=\/wp\/v2\/types\/page"}],"author":[{"embeddable":true,"href":"https:\/\/alpina.ba\/index.php?rest_route=\/wp\/v2\/users\/1"}],"replies":[{"embeddable":true,"href":"https:\/\/alpina.ba\/index.php?rest_route=%2Fwp%2Fv2%2Fcomments&post=38"}],"version-history":[{"count":6,"href":"https:\/\/alpina.ba\/index.php?rest_route=\/wp\/v2\/pages\/38\/revisions"}],"predecessor-version":[{"id":216,"href":"https:\/\/alpina.ba\/index.php?rest_route=\/wp\/v2\/pages\/38\/revisions\/216"}],"wp:attachment":[{"href":"https:\/\/alpina.ba\/index.php?rest_route=%2Fwp%2Fv2%2Fmedia&parent=38"}],"curies":[{"name":"wp","href":"https:\/\/api.w.org\/{rel}","templated":true}]}}